{"id":219,"date":"2022-08-23T11:22:39","date_gmt":"2022-08-23T10:22:39","guid":{"rendered":"https:\/\/new.englishquestcamp.com\/en\/?page_id=219"},"modified":"2022-12-04T08:46:44","modified_gmt":"2022-12-04T08:46:44","slug":"general-data-protection-statement","status":"publish","type":"page","link":"https:\/\/campamentosinternacionales.es\/pt\/general-data-protection-statement\/","title":{"rendered":"DECLARA\u00c7\u00c3O GERAL DE PROTE\u00c7\u00c3O DE DADOS"},"content":{"rendered":"\n<p><strong>Os programas do English Quest Camp estar\u00e3o todos em total conformidade com o novo Regulamento GDPR a partir de 25 de maio de 2018. Para o ajudar com quaisquer pedidos de informa\u00e7\u00e3o, encontre abaixo as respostas a algumas perguntas frequentes.<\/strong><\/p>\n\n\n\n<p><strong>Que informa\u00e7\u00f5es recolhemos?<\/strong><\/p>\n\n\n\n<p>Recolheremos apenas as informa\u00e7\u00f5es necess\u00e1rias para processar a sua reserva. Isto pode incluir nomes, como os indicados no passaporte, outras informa\u00e7\u00f5es de passaporte, informa\u00e7\u00f5es diet\u00e9ticas, informa\u00e7\u00f5es m\u00e9dicas, mais quaisquer outras informa\u00e7\u00f5es necess\u00e1rias para processar a sua reserva.<\/p>\n\n\n\n<p><strong>Utiliza\u00e7\u00e3o das suas informa\u00e7\u00f5es<\/strong><\/p>\n\n\n\n<p>Processaremos as suas informa\u00e7\u00f5es de acordo com os regulamentos da GDPR e s\u00f3 transmitiremos informa\u00e7\u00e3o a fornecedores ou outras organiza\u00e7\u00f5es onde seja necess\u00e1rio processar a sua reserva.<\/p>\n\n\n\n<p><strong>Os seus direitos<\/strong><\/p>\n\n\n\n<p>Tem direito a uma c\u00f3pia das informa\u00e7\u00f5es que possu\u00edmos sobre si e a corrigir quaisquer inexatid\u00f5es. Tem tamb\u00e9m o direito de nos pedir para o retirarmos da nossa base de dados ou escolher que informa\u00e7\u00f5es (caso existam) nos s\u00e3o enviadas. Isto pode, evidentemente, afetar a nossa capacidade de processar a sua reserva.<\/p>\n\n\n\n<p><strong>Durante quanto tempo armazenamos as informa\u00e7\u00f5es que nos envia?<\/strong><\/p>\n\n\n\n<p>Os seus dados ser\u00e3o guardados durante o per\u00edodo da sua reserva e at\u00e9 1 ano ap\u00f3s a conclus\u00e3o do seu programa no English Quest Camp, que \u00e9 o prazo para o processamento de quaisquer reclama\u00e7\u00f5es de seguros.<\/p>\n\n\n\n<p><strong>Onde s\u00e3o armazenados?<\/strong><\/p>\n\n\n\n<p>As suas informa\u00e7\u00f5es s\u00e3o armazenadas no nosso pr\u00f3prio servidor seguro.<\/p>\n\n\n\n<p><strong>A quem transmitimos as informa\u00e7\u00f5es e que informa\u00e7\u00f5es s\u00e3o transmitidas?<\/strong><\/p>\n\n\n\n<p>S\u00f3 transmitimos informa\u00e7\u00f5es a fornecedores que necessitam de ter essas informa\u00e7\u00f5es para processar a sua reserva. Por exemplo, os requisitos diet\u00e9ticos ser\u00e3o transmitidos \u00e0 administra\u00e7\u00e3o das nossas resid\u00eancias ou \u00e0 cantina da nossa escola (podemos transmitir informa\u00e7\u00f5es diet\u00e9ticas an\u00f3nimas aos hot\u00e9is, se necess\u00e1rio). Os nossos fornecedores s\u00e3o contratualmente obrigados a eliminar quaisquer informa\u00e7\u00f5es que tenhamos fornecido uma vez que o programa esteja conclu\u00eddo.<\/p>\n\n\n\n<p><strong>Os dados est\u00e3o encriptados?<\/strong><\/p>\n\n\n\n<p>Sempre que poss\u00edvel, asseguraremos que todos os dados pessoais sejam transportados atrav\u00e9s de um meio seguro.<\/p>\n","protected":false},"excerpt":{"rendered":"<p>Os programas do English Quest Camp estar\u00e3o todos em total conformidade com o novo Regulamento GDPR a partir de 25 de maio de 2018. Para o ajudar com quaisquer pedidos de informa\u00e7\u00e3o, encontre abaixo as respostas a algumas perguntas frequentes. [&hellip;]<\/p>\n","protected":false},"author":1,"featured_media":0,"parent":0,"menu_order":0,"comment_status":"closed","ping_status":"closed","template":"","meta":{"footnotes":""},"class_list":["post-219","page","type-page","status-publish","hentry"],"_links":{"self":[{"href":"https:\/\/campamentosinternacionales.es\/pt\/wp-json\/wp\/v2\/pages\/219","targetHints":{"allow":["GET"]}}],"collection":[{"href":"https:\/\/campamentosinternacionales.es\/pt\/wp-json\/wp\/v2\/pages"}],"about":[{"href":"https:\/\/campamentosinternacionales.es\/pt\/wp-json\/wp\/v2\/types\/page"}],"author":[{"embeddable":true,"href":"https:\/\/campamentosinternacionales.es\/pt\/wp-json\/wp\/v2\/users\/1"}],"replies":[{"embeddable":true,"href":"https:\/\/campamentosinternacionales.es\/pt\/wp-json\/wp\/v2\/comments?post=219"}],"version-history":[{"count":8,"href":"https:\/\/campamentosinternacionales.es\/pt\/wp-json\/wp\/v2\/pages\/219\/revisions"}],"predecessor-version":[{"id":752,"href":"https:\/\/campamentosinternacionales.es\/pt\/wp-json\/wp\/v2\/pages\/219\/revisions\/752"}],"wp:attachment":[{"href":"https:\/\/campamentosinternacionales.es\/pt\/wp-json\/wp\/v2\/media?parent=219"}],"curies":[{"name":"wp","href":"https:\/\/api.w.org\/{rel}","templated":true}]}}