{"id":209,"date":"2022-08-23T10:18:50","date_gmt":"2022-08-23T09:18:50","guid":{"rendered":"https:\/\/new.englishquestcamp.com\/en\/?page_id=209"},"modified":"2022-12-04T08:19:27","modified_gmt":"2022-12-04T08:19:27","slug":"faq","status":"publish","type":"page","link":"https:\/\/campamentosinternacionales.es\/pt\/faq\/","title":{"rendered":"PERGUNTAS FREQUENTES"},"content":{"rendered":"<p>[vc_row][vc_column][vc_column_text]<\/p>\n<h4><strong>Qual \u00e9 o meu n\u00edvel?<\/strong><\/h4>\n<p><span style=\"font-weight: 400;\">Depois de marcares o teu curso, far\u00e1s o teste de coloca\u00e7\u00e3o no teu primeiro dia de aulas. Definir\u00e1s assim o n\u00edvel e a turma adequados para o curso de l\u00ednguas.<\/span>[\/vc_column_text][vc_column_text]<\/p>\n<h4><strong>E se for a primeira experi\u00eancia de campismo?<\/strong><\/h4>\n<p><span style=\"font-weight: 400;\">Ao longo dos anos aprendemos que a melhor forma de os campistas fazerem uma transi\u00e7\u00e3o suave para a vida fora de casa \u00e9 estarem ocupados de manh\u00e3 at\u00e9 \u00e0 noite, envolvidos num programa din\u00e2mico e divertido. Algumas crian\u00e7as ficam logo absorvidas, outras demoram um pouco mais de tempo. Por\u00e9m, a nossa equipa foi formada para encorajar as crian\u00e7as a juntarem-se e fazerem amigos, tornando a primeira experi\u00eancia de campismo uma aventura cheia de divers\u00e3o.<\/span>[\/vc_column_text][vc_column_text]<\/p>\n<h4><strong>Como pode um pai contactar o seu filho?<\/strong><\/h4>\n<p><span style=\"font-weight: 400;\">Recomendamos que d\u00ea \u00e0s crian\u00e7as um par de dias para se instalarem antes de as contactar.\u00a0 A menos que seja uma emerg\u00eancia. Nesse caso, podemos ajudar a entrar em contacto com a crian\u00e7a em qualquer altura do dia.<\/span>[\/vc_column_text][vc_column_text]<\/p>\n<h4><strong>O que devo levar para a col\u00f3nia?<\/strong><\/h4>\n<p><span style=\"font-weight: 400;\">Receber\u00e1s uma lista de coisas para levares depois de fazeres a tua reserva. Recomendamos que deixes iPods, telem\u00f3veis, leitores de mp3, computadores port\u00e1teis, etc. em casa, pois n\u00e3o podemos tomar conta destes dispositivos e n\u00e3o est\u00e3o cobertos pelo nosso seguro. As crian\u00e7as devem trazer o seu pr\u00f3prio vestu\u00e1rio de exterior adequado, tal como roupa desportiva leve, cal\u00e7ado e roupa informal, incluindo cal\u00e7as compridas e t-shirts. Disponibilizamos todo o conjunto de seguran\u00e7a especializado e equipamento necess\u00e1rio para as nossas atividades. Consulta a nossa lista de artigos<\/span> <strong><u><a href=\"https:\/\/englishquestcamp.com\/wp-content\/uploads\/2022\/08\/what_to_bring_to_camp_list.pdf\">aqui<\/a>.<\/u><\/strong>[\/vc_column_text][vc_column_text]<\/p>\n<h4><strong>As crian\u00e7as podem levar o telem\u00f3vel para a col\u00f3nia?<\/strong><\/h4>\n<p><span style=\"font-weight: 400;\">Podem, mas, para evitar a sua perda, furto ou dano, recomendamos que n\u00e3o o fa\u00e7am. N\u00e3o nos responsabilizamos pelos telefones e n\u00e3o devem ser utilizados durante as atividades, momentos de refei\u00e7\u00e3o ou depois de as crian\u00e7as se deitarem para dormir.<\/span>[\/vc_column_text][vc_column_text]<\/p>\n<h4><strong><b>O equipamento \u00e9 seguro?<\/b><\/strong><\/h4>\n<p><span style=\"font-weight: 400;\">Todo o equipamento especializado (em conformidade com as normas europeias) \u00e9 fornecido pelos nossos parceiros em atividades ao ar livre, assim como os auxiliares de flutua\u00e7\u00e3o e coletes salva-vidas aprovados, que devem ser usados em todos os desportos aqu\u00e1ticos. No English Quest Camp atualizamos continuamente o nosso equipamento de seguran\u00e7a para refletir as melhores pr\u00e1ticas atuais.<\/span>[\/vc_column_text][vc_column_text]<\/p>\n<h4><strong>Existem regras?<\/strong><\/h4>\n<p><span style=\"font-weight: 400;\">Os campistas s\u00e3o alertados para quaisquer regras do acampamento \u00e0 chegada e lembrados das mesmas, quando apropriado, durante toda a estadia.<\/span>[\/vc_column_text][vc_column_text]<\/p>\n<h4><strong>Como \u00e9 a comida?<\/strong><\/h4>\n<p><span style=\"font-weight: 400;\">De um modo universal, os nossos alunos ficam impressionados com a qualidade da comida. \u00c9 muito importante que os nossos alunos comam bem! Esfor\u00e7amo-nos muito para lhes fornecer muita comida de qualidade porque sabemos como os adolescentes com fome podem ficar num dia mais intenso!<\/span>[\/vc_column_text][vc_column_text]<\/p>\n<h4><strong>O que fa\u00e7o todos os dias?<\/strong><\/h4>\n<p><span style=\"font-weight: 400;\">Al\u00e9m das aulas di\u00e1rias de l\u00ednguas, durante as duas semanas de estadia organizaremos muitos desportos e outras atividades divertidas que te manter\u00e3o ocupado de manh\u00e3 at\u00e9 \u00e0 noite. Al\u00e9m disso, desfrutar\u00e1s de atividades como escalada em rocha, caminhadas e orienta\u00e7\u00e3o. Pelo menos uma vez, subir\u00e1s ao topo de uma montanha para desfrutares de vistas espantosas. Ser\u00e1s desafiado, mas n\u00e3o ser\u00e1s obrigado a ir al\u00e9m das tuas capacidades.<\/span>[\/vc_column_text][vc_column_text]<\/p>\n<h4><strong>O que irei receber no final do curso?<\/strong><\/h4>\n<p><span style=\"font-weight: 400;\">No final do curso, receber\u00e1s um certificado de curso de l\u00edngua inglesa Quest que declara o tipo de curso que seguiste e o n\u00edvel lingu\u00edstico alcan\u00e7ado.<\/span>[\/vc_column_text][vc_column_text]<\/p>\n<h4><strong>Onde ficarei?<\/strong><\/h4>\n<p><span style=\"font-weight: 400;\">Oferecemos alojamento em resid\u00eancias hoteleiras recentemente renovadas, e em resid\u00eancias universit\u00e1rias modernas recentemente constru\u00eddas. Para mais informa\u00e7\u00f5es sobre o nosso alojamento, consulta a descri\u00e7\u00e3o de Resid\u00eancias para cada destino no nosso website. Al\u00e9m disso, quando organizamos acampamentos ar livre de uma noite, utilizamos tendas de campismo especiais e confort\u00e1veis para que as crian\u00e7as possam ter uma sensa\u00e7\u00e3o completa de ar livre e natureza.<\/span>[\/vc_column_text][vc_column_text]<\/p>\n<h4><strong>O que h\u00e1 para fazer durante a tarde\/fim de semana?<\/strong><\/h4>\n<p><span style=\"font-weight: 400;\">Organizamos um programa completo de lazer e atividades todos os dias da semana com passeios culturais e visitas hist\u00f3ricas, bem como muitos desportos e divers\u00e3o ao ar livre, eventos sociais \u00e0 noite, como noites de churrasco, cruzeiros de iate, festas de dan\u00e7a, ca\u00e7a ao tesouro, miss\u00f5es e muito mais. Continuar\u00e1s a falar ingl\u00eas fora da sala de aula enquanto te divertes e socializas com os teus novos amigos.<\/span>[\/vc_column_text][vc_column_text]<\/p>\n<h4><strong>Como posso efetuar o pagamento?<\/strong><\/h4>\n<p><span style=\"font-weight: 400;\">Todos os pagamentos podem ser feitos por transfer\u00eancia banc\u00e1ria para o nosso n\u00famero de conta, conforme indicado na fatura de reserva, ou pode pagar online atrav\u00e9s do nosso website, utilizando um cart\u00e3o banc\u00e1rio visa\/mastercard.<\/span>[\/vc_column_text][vc_column_text]<\/p>\n<h4><strong>Preciso de um visto?<\/strong><\/h4>\n<p><span style=\"font-weight: 400;\">Detalhes completos sobre os requisitos de visto e as informa\u00e7\u00f5es mais recentes podem ser encontrados no website do Minist\u00e9rio dos Neg\u00f3cios Estrangeiros do Chipre:<\/span><\/p>\n<p><a href=\"https:\/\/mfa.gov.cy\/visa-information.html\"><span style=\"font-weight: 400;\">https:\/\/mfa.gov.cy\/visa-information.html<\/span><\/a>[\/vc_column_text][vc_column_text]<\/p>\n<h4><strong>Como sei o caminho desde o aeroporto at\u00e9 \u00e0s resid\u00eancias da col\u00f3nia?<\/strong><\/h4>\n<p><span style=\"font-weight: 400;\">O nosso representante ir\u00e1 receber-te \u00e0 chegada e acompanhar-te at\u00e9 ao teu local de alojamento. No final da tua estadia, ser\u00e1s apanhado no seu alojamento e transportado para o aeroporto com a escolta do nosso representante.<\/span><\/p>\n<p><span style=\"font-weight: 400;\">Para a inscri\u00e7\u00e3o de um acompanhante da companhia a\u00e9rea, a pedido, forneceremos todos os detalhes da reuni\u00e3o e pessoa de acompanhamento. Observe que este servi\u00e7o da col\u00f3nia tem um custo adicional, conforme indicado na sec\u00e7\u00e3o Taxas.<\/span><\/p>\n<p><span style=\"font-weight: 400;\">Os pais que acompanham a crian\u00e7a at\u00e9 ao local de resid\u00eancia devem transport\u00e1-la para o seguinte endere\u00e7o:<\/span><\/p>\n<p><b>CHIPRE<\/b><\/p>\n<p>&nbsp;<\/p>\n<p><b>Hotel THE RISE<\/b><\/p>\n<p><b>1, KIMONOS Street, Larnaca, CHIPRE<\/b><\/p>\n<p><b>\u00a0<\/b><\/p>\n<p><b>ESPANHA<\/b><\/p>\n<p><b>Rambla del President Llu\u00eds Companys, 5<\/b><\/p>\n<p><b>Tarragona 43005<\/b><\/p>\n<p><b>Espanha<\/b><\/p>\n<p>&nbsp;<\/p>\n<p><b>PORTUGAL<\/b><\/p>\n<p><b>Rua Monte da Esta\u00e7\u00e3o, 342, 4300-342 Porto,<\/b><\/p>\n<p><b>Portugal<\/b>[\/vc_column_text][vc_column_text]<\/p>\n<h4><b>Que tipo de qualifica\u00e7\u00f5es tem o meu professor e os meus instrutores de atividades?<\/b><\/h4>\n<p><span style=\"font-weight: 400;\">O nosso pessoal docente e de atividades \u00e9 formado em universidades e tem uma experi\u00eancia de ensino de mais de 10 anos. Os nossos professores s\u00e3o totalmente qualificados e dedicados \u00e0 l\u00edngua que ensinam e s\u00e3o mantidos atualizados em rela\u00e7\u00e3o aos \u00faltimos desenvolvimentos na metodologia de ensino e \u00e0s exig\u00eancias dos estudantes, participando em semin\u00e1rios organizados por comiss\u00f5es examinadoras externas e recebendo regularmente forma\u00e7\u00e3o interna.<\/span><\/p>\n<p><span style=\"font-weight: 400;\">Os nossos instrutores e supervisores de atividades s\u00e3o formados em universidades, e t\u00eam experi\u00eancia de trabalho com crian\u00e7as h\u00e1 mais de 5 anos.<\/span><\/p>\n<p><span style=\"font-weight: 400;\">Nas perguntas\/respostas acima referidas, tentamos cobrir a maioria das quest\u00f5es comuns que os estudantes e os seus pais gostariam de esclarecer antes de reservar um programa.\u00a0 Se ainda tiveres alguma d\u00favida, n\u00e3o hesites em contactar-nos<\/span> <strong><u><a href=\"mailto:info@englishquestcamp.com\">aqui<\/a>.<\/u><\/strong>[\/vc_column_text][\/vc_column][\/vc_row][vc_row][vc_column][vc_btn title=&#8221;AGENDE AGORA&#8221; style=&#8221;classic&#8221; shape=&#8221;square&#8221; color=&#8221;primary&#8221; size=&#8221;lg&#8221; align=&#8221;center&#8221; link=&#8221;url:%2Fpt%2Fcamps-booking%2F|title:Camps%20booking&#8221;][\/vc_column][\/vc_row]<\/p>\n","protected":false},"excerpt":{"rendered":"<p>[vc_row][vc_column][vc_column_text] Qual \u00e9 o meu n\u00edvel? Depois de marcares o teu curso, far\u00e1s o teste de coloca\u00e7\u00e3o no teu primeiro dia de aulas. Definir\u00e1s assim o n\u00edvel e a turma adequados para o curso de l\u00ednguas.[\/vc_column_text][vc_column_text] E se for a [&hellip;]<\/p>\n","protected":false},"author":1,"featured_media":0,"parent":0,"menu_order":0,"comment_status":"closed","ping_status":"closed","template":"","meta":{"footnotes":""},"class_list":["post-209","page","type-page","status-publish","hentry"],"_links":{"self":[{"href":"https:\/\/campamentosinternacionales.es\/pt\/wp-json\/wp\/v2\/pages\/209","targetHints":{"allow":["GET"]}}],"collection":[{"href":"https:\/\/campamentosinternacionales.es\/pt\/wp-json\/wp\/v2\/pages"}],"about":[{"href":"https:\/\/campamentosinternacionales.es\/pt\/wp-json\/wp\/v2\/types\/page"}],"author":[{"embeddable":true,"href":"https:\/\/campamentosinternacionales.es\/pt\/wp-json\/wp\/v2\/users\/1"}],"replies":[{"embeddable":true,"href":"https:\/\/campamentosinternacionales.es\/pt\/wp-json\/wp\/v2\/comments?post=209"}],"version-history":[{"count":12,"href":"https:\/\/campamentosinternacionales.es\/pt\/wp-json\/wp\/v2\/pages\/209\/revisions"}],"predecessor-version":[{"id":748,"href":"https:\/\/campamentosinternacionales.es\/pt\/wp-json\/wp\/v2\/pages\/209\/revisions\/748"}],"wp:attachment":[{"href":"https:\/\/campamentosinternacionales.es\/pt\/wp-json\/wp\/v2\/media?parent=209"}],"curies":[{"name":"wp","href":"https:\/\/api.w.org\/{rel}","templated":true}]}}