{"id":204,"date":"2022-08-23T09:51:40","date_gmt":"2022-08-23T08:51:40","guid":{"rendered":"https:\/\/new.englishquestcamp.com\/en\/?page_id=204"},"modified":"2022-12-04T08:43:52","modified_gmt":"2022-12-04T08:43:52","slug":"terms-and","status":"publish","type":"page","link":"https:\/\/campamentosinternacionales.es\/pt\/terms-and\/","title":{"rendered":"Termos e condi\u00e7\u00f5es"},"content":{"rendered":"<p>[vc_row][vc_column][vc_column_text]<\/p>\r\n<h2 class=\"wp-block-heading\">Geral<\/h2>\r\n\r\n<p>&nbsp;<\/p>\r\n\r\n<ol class=\"wp-block-list\" type=\"1\">\r\n<li style=\"font-weight: 400;\" aria-level=\"1\"><span style=\"font-weight: 400;\">Conclua e envie o\u00a0<\/span><a href=\"http:\/\/www.englishquestcamp.com\/pt\/camps-booking\/\"><span style=\"font-weight: 400;\">Formul\u00e1rio de candidatura online<\/span><\/a><span style=\"font-weight: 400;\">. Providencie o pagamento de um m\u00ednimo de 300 euros de dep\u00f3sito e taxas de inscri\u00e7\u00e3o por crian\u00e7a por sess\u00e3o. Observe que nenhuma reserva ser\u00e1 confirmada at\u00e9 o dep\u00f3sito ter sido recebido.<\/span><\/li>\r\n<li style=\"font-weight: 400;\" aria-level=\"1\"><span style=\"font-weight: 400;\">A sua reserva ser\u00e1 confirmada e ir\u00e1 receber uma fatura para o pagamento final juntamente com informa\u00e7\u00f5es adicionais sobre o(s) programa(s) reservado(s).<\/span><\/li>\r\n<li style=\"font-weight: 400;\" aria-level=\"1\"><span style=\"font-weight: 400;\">30 dias antes do in\u00edcio do programa \u00e9 exigido o pagamento integral. Por conseguinte, as reservas recebidas 30 dias ou menos antes do in\u00edcio do programa devem ser acompanhadas do pagamento integral<\/span><\/li>\r\n<li style=\"font-weight: 400;\" aria-level=\"1\"><b>Noite extra:<\/b><span style=\"font-weight: 400;\">\u00a0As crian\u00e7as que chegam um dia antes ou partem um dia depois das datas normais da sess\u00e3o do programa s\u00f3 o podem fazer mediante acordo pr\u00e9vio. Neste caso, ser\u00e1 acrescentada \u00e0 fatura uma taxa suplementar por crian\u00e7a por noite.<\/span><\/li>\r\n<\/ol>\r\n\r\n<p><span style=\"font-weight: 400;\">As taxas de transfer\u00eancia banc\u00e1ria e as taxas de pagamento online s\u00e3o pagas pelo cliente.<\/span><\/p>\r\n<!-- \/wp:post-content -->\r\n<p>&nbsp;<\/p>\r\n<!-- wp:heading {\"level\":3} -->\r\n<h3><strong>Condi\u00e7\u00f5es de reserva e cancelamento<\/strong><\/h3>\r\n<!-- \/wp:heading -->\r\n<p><span style=\"font-weight: 400;\">Leia estas condi\u00e7\u00f5es de reserva importantes para o seu conforto e seguran\u00e7a.<\/span><\/p>\r\n<!-- \/wp:paragraph -->\r\n<p>&nbsp;<\/p>\r\n<!-- wp:heading {\"level\":3} -->\r\n<h3><strong>Fazer uma reserva<\/strong><\/h3>\r\n<!-- \/wp:heading -->\r\n<p>&nbsp;<\/p>\r\n<!-- wp:list {\"ordered\":true,\"type\":\"1\"} -->\r\n<ol type=\"1\">\r\n<li style=\"font-weight: 400;\" aria-level=\"3\"><span style=\"font-weight: 400;\">Todas as reservas s\u00e3o feitas com o English Quest Camps<\/span><\/li>\r\n<li style=\"font-weight: 400;\" aria-level=\"3\"><span style=\"font-weight: 400;\">Nenhuma reserva \u00e9 confirmada at\u00e9 que o English Quest tenha recebido um formul\u00e1rio de reserva e o dep\u00f3sito requerido ou o pagamento integral do programa (se a reserva for feita ap\u00f3s menos de 30 dias antes do in\u00edcio do programa reservado).<\/span><\/li>\r\n<li style=\"font-weight: 400;\" aria-level=\"3\"><span style=\"font-weight: 400;\">A pessoa que faz a reserva confirma ao English Quest que tem a autoridade, enquanto pai ou tutor legal de cada crian\u00e7a, e a autoridade para contratar o English Quest Camp em nome de cada crian\u00e7a com base nestas condi\u00e7\u00f5es e concordou em ficar vinculado por elas.<\/span><\/li>\r\n<li style=\"font-weight: 400;\" aria-level=\"3\"><span style=\"font-weight: 400;\">Este contrato est\u00e1 sujeito \u00e0s leis do pa\u00eds onde cada col\u00f3nia se situa.<\/span><\/li>\r\n<li style=\"font-weight: 400;\" aria-level=\"3\"><span style=\"font-weight: 400;\">Nenhuma altera\u00e7\u00e3o pode ser feita relativamente a estas condi\u00e7\u00f5es, exceto por escrito, por um oficial ou pelo diretor do English Quest Camps.<\/span><\/li>\r\n<\/ol>\r\n<!-- \/wp:list -->\r\n<p>&nbsp;<\/p>\r\n<!-- wp:heading {\"level\":3} -->\r\n<h3><strong>Pagamento, cancelamento e pol\u00edtica de reembolso<\/strong><\/h3>\r\n<!-- \/wp:heading -->\r\n<p>&nbsp;<\/p>\r\n<!-- wp:list {\"ordered\":true,\"type\":\"1\"} -->\r\n<ol type=\"1\">\r\n<li style=\"font-weight: 400;\" aria-level=\"3\"><span style=\"font-weight: 400;\">O pagamento integral do programa reservado, incluindo servi\u00e7os extra, deve ser recebido n\u00e3o menos de 30 dias antes do in\u00edcio do programa reservado. O English Quest Camp reserva-se o direito de cancelar a reserva, sem reembolso do dep\u00f3sito, se esta condi\u00e7\u00e3o n\u00e3o for cumprida.<\/span><\/li>\r\n<li style=\"font-weight: 400;\" aria-level=\"3\"><span style=\"font-weight: 400;\">30 dias ou menos antes do in\u00edcio da col\u00f3nia \u2013 100% da fatura final deve ser paga.<\/span><\/li>\r\n<li style=\"font-weight: 400;\" aria-level=\"3\"><span style=\"font-weight: 400;\">N\u00e3o ser\u00e1 efetuado qualquer reembolso, por qualquer raz\u00e3o, uma vez iniciado o programa.<\/span><\/li>\r\n<li style=\"font-weight: 400;\" aria-level=\"3\"><span style=\"font-weight: 400;\">Se o cancelamento for feito 15 dias ou menos antes do in\u00edcio do programa, ent\u00e3o ser\u00e1 feito um reembolso, menos a taxa de inscri\u00e7\u00e3o + 50% do custo do programa.<\/span><\/li>\r\n<li style=\"font-weight: 400;\" aria-level=\"3\"><span style=\"font-weight: 400;\">Se o cancelamento for feito entre 29 a 15 dias antes do in\u00edcio do programa, ent\u00e3o ser\u00e1 efetuado um reembolso total, menos dep\u00f3sito, taxas de inscri\u00e7\u00e3o e quaisquer encargos banc\u00e1rios.<\/span><\/li>\r\n<\/ol>\r\n<!-- \/wp:list -->\r\n<p>&nbsp;<\/p>\r\n<!-- wp:heading {\"level\":3} -->\r\n<h3><strong>Responsabilidades dos pais<\/strong><\/h3>\r\n<!-- \/wp:heading -->\r\n<p><span style=\"font-weight: 400;\">Os pais ou tutores aceitam total responsabilidade financeira por qualquer pessoa que se registe no English Quest Camp para os seguintes casos:<\/span><\/p>\r\n<!-- \/wp:paragraph -->\r\n<p>&nbsp;<\/p>\r\n<!-- wp:list {\"ordered\":true,\"type\":\"1\"} -->\r\n<ol type=\"1\">\r\n<li style=\"font-weight: 400;\" aria-level=\"3\"><span style=\"font-weight: 400;\">Danos causados, intencionalmente ou n\u00e3o, em instala\u00e7\u00f5es, vestu\u00e1rio de equipamento ou qualquer outra coisa pertencente ou alugada pelo English Quest Camp.<\/span><\/li>\r\n<li style=\"font-weight: 400;\" aria-level=\"3\"><span style=\"font-weight: 400;\">Despesas de repatriamento para qualquer pessoa que tenha de ser enviada para casa ou para um local designado, devido a doen\u00e7a, acidente, mau comportamento ou qualquer outro motivo considerado v\u00e1lido pelo English Quest Camp.<\/span><\/li>\r\n<li style=\"font-weight: 400;\" aria-level=\"3\"><span style=\"font-weight: 400;\">Qualquer dinheiro de bolso ou qualquer compra de natureza pessoal feita em nome da crian\u00e7a por qualquer coisa que n\u00e3o esteja expressamente inclu\u00edda no pacote do programa.<\/span><\/li>\r\n<li style=\"font-weight: 400;\" aria-level=\"3\"><span style=\"font-weight: 400;\">Comportamento das crian\u00e7as &#8211; Espera-se que as crian\u00e7as, enquanto estiverem sob total supervis\u00e3o do English Quest Camp, cumpram todas as regras e regulamentos do English Quest Camp. O English Quest Camp reserva-se o direito de enviar qualquer crian\u00e7a para casa ou para junto dos seus pais se, na opini\u00e3o da Administra\u00e7\u00e3o do English Quest Camp, a crian\u00e7a for incompat\u00edvel com o bem-estar geral do acampamento por ignorar as referidas regras e regulamentos. Neste caso, todas as despesas de viagem ser\u00e3o da responsabilidade dos pais ou tutores e nenhum reembolso das taxas da col\u00f3nia ser\u00e1 considerado<\/span><\/li>\r\n<li style=\"font-weight: 400;\" aria-level=\"3\"><b>Condi\u00e7\u00f5es meteorol\u00f3gicas adversas \u2013\u00a0<\/b><span style=\"font-weight: 400;\">O English Quest Camp n\u00e3o pode ser respons\u00e1vel por condi\u00e7\u00f5es meteorol\u00f3gicas que afetem negativamente a capacidade das crian\u00e7as de participar em atividades oferecidas em qualquer um dos programas das col\u00f3nias. Se as atividades publicadas forem canceladas por qualquer raz\u00e3o, o English Quest Camp far\u00e1 todos os poss\u00edveis para encontrar actividades alternativas para as crian\u00e7as.<\/span><\/li>\r\n<li style=\"font-weight: 400;\" aria-level=\"3\"><b>Cancelamento ou modifica\u00e7\u00e3o dos programas \u2013\u00a0<\/b><span style=\"font-weight: 400;\">O English Quest Camp reserva-se o direito de cancelar ou modificar qualquer programa ou programas listados na nossa brochura ou website devido a um n\u00famero insuficiente de participantes ou por qualquer outra raz\u00e3o fora do seu controlo. Se este raro evento ocorrer, o English Quest Camp oferecer\u00e1 \u00e0s nossas crian\u00e7as a escolha de um programa alternativo.<\/span><\/li>\r\n<li style=\"font-weight: 400;\" aria-level=\"3\"><b>Mudan\u00e7as na reserva<\/b><span style=\"font-weight: 400;\">\u00a0\u2013 Qualquer altera\u00e7\u00e3o na reserva de um estudante, ap\u00f3s a confirma\u00e7\u00e3o inicial enviada, ter\u00e1 um custo adicional de 20 euros em taxas administrativas. Al\u00e9m disso, observe que embora o English Quest Camp fa\u00e7a o seu melhor para acomodar as mudan\u00e7as necess\u00e1rias, isto pode nem sempre ser poss\u00edvel e est\u00e1 sujeito \u00e0 disponibilidade. Al\u00e9m disso, quaisquer altera\u00e7\u00f5es feitas 2 semanas ou menos antes do in\u00edcio do programa, \u00e9 poss\u00edvel que o estudante tenha de pagar um pre\u00e7o mais elevado, dependendo da disponibilidade de alojamento e cursos.<\/span><\/li>\r\n<\/ol>\r\n<!-- \/wp:list -->\r\n<p>&nbsp;<\/p>\r\n<!-- wp:heading {\"level\":3} -->\r\n<h3><strong>Condi\u00e7\u00f5es diversas<\/strong><\/h3>\r\n<!-- \/wp:heading -->\r\n<p>&nbsp;<\/p>\r\n<!-- wp:list {\"type\":\"1\"} -->\r\n<ul type=\"1\">\r\n<li><strong><b>Dep\u00f3sito de garantia<\/b><\/strong><\/li>\r\n<\/ul>\r\n<!-- \/wp:list -->\r\n<p><span style=\"font-weight: 400;\">\u00c0 chegada, cada crian\u00e7a ter\u00e1 de pagar um dep\u00f3sito de 50 euros que cobrir\u00e1 quaisquer danos ocorridos pela crian\u00e7a durante a sua estadia . Este dep\u00f3sito ser\u00e1 reembolsado \u00e0 crian\u00e7a no \u00faltimo dia antes da partida, desde que n\u00e3o tenham ocorrido danos nas resid\u00eancias, instala\u00e7\u00f5es escolares ou outras instala\u00e7\u00f5es.<\/span><\/p>\r\n<!-- \/wp:paragraph -->\r\n<p>&nbsp;<\/p>\r\n<!-- wp:list -->\r\n<ul>\r\n<li><strong><b>Prontu\u00e1rio m\u00e9dico<\/b><\/strong><\/li>\r\n<\/ul>\r\n<!-- \/wp:list -->\r\n<p><span style=\"font-weight: 400;\">O English Quest Camp tem plena autoridade para tomar as medidas que consider necess\u00e1rias para salvaguardar a sa\u00fade e o bem-estar da crian\u00e7a, \u00e0s custas dos pais ou tutores.<\/span><\/p>\r\n<!-- \/wp:paragraph -->\r\n<p>&nbsp;<\/p>\r\n<!-- wp:list -->\r\n<ul>\r\n<li><b>Visto<\/b><\/li>\r\n<\/ul>\r\n<!-- \/wp:list -->\r\n<p><span style=\"font-weight: 400;\">Os estudantes que necessitem de um visto para entrar no pa\u00eds onde as nossas col\u00f3nias est\u00e3o situadas, devem solicitar um visto no seu pa\u00eds antes da chegada \u00e0 col\u00f3nia. Os documentos do English Quest Camp necess\u00e1rios para a emiss\u00e3o do visto ser\u00e3o enviados ap\u00f3s a rece\u00e7\u00e3o do pagamento integral.\u00a0 Em caso de recusa do visto 3 ou mais semanas antes do in\u00edcio do programa, ser\u00e1 feito um reembolso total, menos 300 euros e quaisquer encargos banc\u00e1rios\/postal, 30 dias ap\u00f3s ter sido fornecida uma prova de recusa de visto. Se a recusa de visto tiver ocorrido menos de 3 semanas antes do in\u00edcio do programa, ent\u00e3o ser\u00e1 feito um reembolso menos 50% do custo do programa.<\/span><\/p>\r\n<!-- \/wp:paragraph -->\r\n<p>&nbsp;<\/p>\r\n<!-- wp:list -->\r\n<ul>\r\n<li><strong><b>Seguro<\/b><\/strong><\/li>\r\n<\/ul>\r\n<!-- \/wp:list -->\r\n<p><span style=\"font-weight: 400;\">Todos os estudantes antes da sua chegada ao pa\u00eds de destino devem adquirir um seguro de viagem. Uma c\u00f3pia do seguro deve ser enviada por correio para a nossa col\u00f3nia antes da chegada ao programa.<\/span><\/p>\r\n<!-- \/wp:paragraph -->\r\n<p>&nbsp;<\/p>\r\n<!-- wp:list -->\r\n<ul>\r\n<li><strong><b>Transfers do aeroporto<\/b><\/strong><\/li>\r\n<\/ul>\r\n<!-- \/wp:list -->\r\n<p><span style=\"font-weight: 400;\">Todos os detalhes do voo do aluno devem ser-nos fornecidos pelo menos 1 semana antes da chegada. Quaisquer altera\u00e7\u00f5es ao voo devem ser fornecidas pelo menos 2 dias antes da data do voo. Se a informa\u00e7\u00e3o n\u00e3o for fornecida como aqui descrito, ent\u00e3o n\u00e3o temos qualquer responsabilidade por quaisquer atrasos no transfer. Os transfers do aeroporto de Larnaca (ambos os sentidos) est\u00e3o inclu\u00eddos no pre\u00e7o do programa, exceto durante o hor\u00e1rio das 22h00 \u00e0s 07h00. O custo adicional durante estas horas \u00e9 de 15 euros por crian\u00e7a.<\/span><\/p>\r\n<p><span style=\"font-weight: 400;\">Os transfers de quaisquer outros aeroportos t\u00eam uma taxa extra, dependendo do aeroporto, como se segue:<\/span><\/p>\r\n<!-- \/wp:paragraph -->\r\n<p>&nbsp;<\/p>\r\n<!-- wp:table -->\r\n<figure class=\"wp-block-table\">\r\n<table>\r\n<tbody>\r\n<tr>\r\n<td>\u00a0<\/td>\r\n<td>One way<\/td>\r\n<td>Return<\/td>\r\n<\/tr>\r\n<tr>\r\n<td>Pafos<\/td>\r\n<td>120\u20ac<\/td>\r\n<td>220\u20ac<\/td>\r\n<\/tr>\r\n<tr>\r\n<td>Barcelona<\/td>\r\n<td>45\u20ac<\/td>\r\n<td>80\u20ac<\/td>\r\n<\/tr>\r\n<tr>\r\n<td>Porto<\/td>\r\n<td>45\u20ac<\/td>\r\n<td>80\u20ac<\/td>\r\n<\/tr>\r\n<tr>\r\n<td>Madrid<\/td>\r\n<td>75\u20ac<\/td>\r\n<td>140\u20ac<\/td>\r\n<\/tr>\r\n<\/tbody>\r\n<\/table>\r\n<\/figure>\r\n<!-- \/wp:table -->\r\n<p>&nbsp;<\/p>\r\n<!-- wp:list {\"type\":\"1\"} -->\r\n<ul type=\"1\">\r\n<li><strong><b>Menor Desacompanhado (U\u041c)<\/b><\/strong><\/li>\r\n<\/ul>\r\n<!-- \/wp:list -->\r\n<p><span style=\"font-weight: 400;\">Qualquer estudante menor n\u00e3o acompanhado ser\u00e1 recebido por um representante do English Quest Camp \u00e0 chegada, e ser\u00e1 escoltado at\u00e9 \u00e0s resid\u00eancias. Portanto, \u00e9 importante que sejamos informados de tal necessidade 7 dias ou mais antes da chegada.\u00a0<\/span><\/p>\r\n<p><span style=\"font-weight: 400;\">Existe uma taxa de servi\u00e7o de escolta UM de 40 euros por crian\u00e7a de uma s\u00f3 forma.<\/span><\/p>\r\n<!-- \/wp:paragraph -->\r\n<p>&nbsp;<\/p>\r\n<!-- wp:list -->\r\n<ul>\r\n<li><strong><b>Hora de recolher para os estudantes<\/b><\/strong><\/li>\r\n<\/ul>\r\n<!-- \/wp:list -->\r\n<p><span style=\"font-weight: 400;\">Para alunos com mais de 16 anos: Domingo &#8211; quinta-feira 22h30 sexta-feira &#8211; s\u00e1bado 23h00<\/span><span style=\"font-weight: 400;\"><br \/><\/span><span style=\"font-weight: 400;\">Para alunos com menos de 16 anos: Domingo &#8211; quinta-feira 22h00 sexta-feira &#8211; s\u00e1bado 22h30<\/span><\/p>\r\n<!-- \/wp:paragraph -->\r\n<p>&nbsp;<\/p>\r\n<!-- wp:list -->\r\n<ul>\r\n<li><strong><b>Dinheiro de bolso<\/b><\/strong><\/li>\r\n<\/ul>\r\n<!-- \/wp:list -->\r\n<p><span style=\"font-weight: 400;\">Os pais devem garantir que fornecem dinheiro de bolso suficiente aos seus filhos. Em m\u00e9dia, 100 euros por cada semana de estadia deve ser suficiente.<\/span><span style=\"font-weight: 400;\"><br \/><\/span><span style=\"font-weight: 400;\">Em caso de emerg\u00eancia, o nosso acampamento fornecer\u00e1 dinheiro extra, e o montante dever\u00e1 ser transferido para a nossa conta banc\u00e1ria.<\/span><\/p>\r\n<!-- \/wp:paragraph -->\r\n<p>&nbsp;<\/p>\r\n<!-- wp:list -->\r\n<ul>\r\n<li><strong><b>Website oficial<\/b><\/strong><\/li>\r\n<\/ul>\r\n<!-- \/wp:list -->\r\n<p><span style=\"font-weight: 400;\">O nosso website oficial \u00e9: www.englishquestcamp.com . N\u00e3o assumimos qualquer responsabilidade por quaisquer informa\u00e7\u00f5es fornecidas por qualquer outro site que n\u00e3o perten\u00e7a \u00e0s nossas col\u00f3nias.<\/span><\/p>\r\n<!-- \/wp:paragraph -->\r\n<p>&nbsp;<\/p>\r\n<!-- wp:list -->\r\n<ul>\r\n<li><strong><b>N\u00famero de emerg\u00eancia 24 horas<\/b><\/strong><\/li>\r\n<\/ul>\r\n<!-- \/wp:list -->\r\n<p><span style=\"font-weight: 400;\">O n\u00famero + 357 97734397 deve ser utilizado pelos pais em caso de emerg\u00eancia para informar os seus filhos<\/span><\/p>\r\n<!-- \/wp:paragraph -->\r\n<p>&nbsp;<\/p>\r\n<!-- wp:list -->\r\n<ul>\r\n<li><strong><b>Materiais promocionais<\/b><\/strong><\/li>\r\n<\/ul>\r\n<!-- \/wp:list -->\r\n<p><span style=\"font-weight: 400;\">Os pais consentem (uma vez paga a reserva) e o English Quest Camp reserva-se o direito de utilizar quaisquer fotografias, obras de arte, etc., das crian\u00e7as no seu website e em qualquer uma das suas futuras publica\u00e7\u00f5es.<\/span><\/p>\r\n<!-- \/wp:paragraph -->\r\n<p>&nbsp;<\/p>\r\n<p>[\/vc_column_text][vc_btn title=&#8221;AGENDE AGORA&#8221; style=&#8221;classic&#8221; shape=&#8221;square&#8221; color=&#8221;primary&#8221; size=&#8221;lg&#8221; link=&#8221;url:%2Fpt%2Fcamps-booking%2F|title:Camps%20booking&#8221;][\/vc_column][\/vc_row][vc_row][vc_column][vc_column_text]<\/p>\r\n<p style=\"text-align: right;\"><a href=\"\/wp-content\/uploads\/2022\/09\/Terms-and-Conditions-\u2013-EnglishqQuestCamp.pdf\">Download as PDF<\/a><\/p>\r\n<p>[\/vc_column_text][\/vc_column][\/vc_row]<\/p>","protected":false},"excerpt":{"rendered":"<p>[vc_row][vc_column][vc_column_text] Geral &nbsp; Conclua e envie o\u00a0Formul\u00e1rio de candidatura online. Providencie o pagamento de um m\u00ednimo de 300 euros de dep\u00f3sito e taxas de inscri\u00e7\u00e3o por crian\u00e7a por sess\u00e3o. Observe que nenhuma reserva ser\u00e1 confirmada at\u00e9 o dep\u00f3sito ter sido [&hellip;]<\/p>\n","protected":false},"author":1,"featured_media":0,"parent":0,"menu_order":0,"comment_status":"closed","ping_status":"closed","template":"","meta":{"footnotes":""},"class_list":["post-204","page","type-page","status-publish","hentry"],"_links":{"self":[{"href":"https:\/\/campamentosinternacionales.es\/pt\/wp-json\/wp\/v2\/pages\/204","targetHints":{"allow":["GET"]}}],"collection":[{"href":"https:\/\/campamentosinternacionales.es\/pt\/wp-json\/wp\/v2\/pages"}],"about":[{"href":"https:\/\/campamentosinternacionales.es\/pt\/wp-json\/wp\/v2\/types\/page"}],"author":[{"embeddable":true,"href":"https:\/\/campamentosinternacionales.es\/pt\/wp-json\/wp\/v2\/users\/1"}],"replies":[{"embeddable":true,"href":"https:\/\/campamentosinternacionales.es\/pt\/wp-json\/wp\/v2\/comments?post=204"}],"version-history":[{"count":18,"href":"https:\/\/campamentosinternacionales.es\/pt\/wp-json\/wp\/v2\/pages\/204\/revisions"}],"predecessor-version":[{"id":749,"href":"https:\/\/campamentosinternacionales.es\/pt\/wp-json\/wp\/v2\/pages\/204\/revisions\/749"}],"wp:attachment":[{"href":"https:\/\/campamentosinternacionales.es\/pt\/wp-json\/wp\/v2\/media?parent=204"}],"curies":[{"name":"wp","href":"https:\/\/api.w.org\/{rel}","templated":true}]}}