{"id":15,"date":"2022-08-15T10:55:43","date_gmt":"2022-08-15T09:55:43","guid":{"rendered":"https:\/\/new.englishquestcamp.com\/en\/?page_id=15"},"modified":"2022-12-04T07:17:03","modified_gmt":"2022-12-04T07:17:03","slug":"about-us","status":"publish","type":"page","link":"https:\/\/campamentosinternacionales.es\/pt\/about-us\/","title":{"rendered":"QUEM SOMOS"},"content":{"rendered":"<p>[vc_row][vc_column][vc_column_text]<\/p>\r\n<h2><strong>OS NOSSOS PROFESSORES<\/strong><\/h2>\r\n<p><span style=\"font-weight: 400;\">Todo o nosso pessoal docente<\/span>:<\/p>\r\n<p>[\/vc_column_text][vc_row_inner el_class=&#8221;large-icons&#8221;][vc_column_inner width=&#8221;1\/4&#8243;]<div class=\"eq-icon__widget\">\n        <div class=\"eq-icon__title\">TEM 5 OU MAIS ANOS DE EXPERI\u00caNCIA NO ENSINO DE L\u00cdNGUAS<\/div>\n        <div class=\"eq-icon__image\" style=\"background-image: url(https:\/\/campamentosinternacionales.es\/wp-content\/uploads\/2022\/09\/5.png)\"><\/div>\n    <\/div>[\/vc_column_inner][vc_column_inner width=&#8221;1\/4&#8243;]<div class=\"eq-icon__widget\">\n        <div class=\"eq-icon__title\">TRABALHA COM JOVENS ESTUDANTES DE L\u00cdNGUAS DURANTE TODO O ANO, SEJA NUMA ESCOLA SECUND\u00c1RIA DE INGL\u00caS OU NUMA UNIVERSIDADE<\/div>\n        <div class=\"eq-icon__image\" style=\"background-image: url(https:\/\/campamentosinternacionales.es\/wp-content\/uploads\/2022\/09\/college.png)\"><\/div>\n    <\/div>[\/vc_column_inner][vc_column_inner width=&#8221;1\/4&#8243;]<div class=\"eq-icon__widget\">\n        <div class=\"eq-icon__title\">S\u00c3O FALANTES NATIVOS<\/div>\n        <div class=\"eq-icon__image\" style=\"background-image: url(https:\/\/campamentosinternacionales.es\/wp-content\/uploads\/2022\/09\/england.png)\"><\/div>\n    <\/div>[\/vc_column_inner][vc_column_inner width=&#8221;1\/4&#8243;]<div class=\"eq-icon__widget\">\n        <div class=\"eq-icon__title\">CONCLU\u00cdRAM UM CURSO UNIVERSIT\u00c1RIO (LICENCIATURA OU MESTRADO) COMO PROFESSORES DE L\u00cdNGUAS<\/div>\n        <div class=\"eq-icon__image\" style=\"background-image: url(https:\/\/campamentosinternacionales.es\/wp-content\/uploads\/2022\/09\/graduation-hat.png)\"><\/div>\n    <\/div>[\/vc_column_inner][\/vc_row_inner][vc_column_text]<\/p>\r\n<h2 class=\"wp-block-heading\"><strong>A NOSSA EQUIPA DE ATIVIDADES<\/strong><\/h2>\r\n\r\n<p><span style=\"font-weight: 400;\">O nosso pessoal, que est\u00e1 envolvido nas atividades di\u00e1rias das crian\u00e7as, tem vindo a organizar estes programas com eventos ativos ao ar livre nos \u00faltimos 5 anos.<\/span><\/p>\r\n<p><span style=\"font-weight: 400;\">Seja no campus, no mar ou nas montanhas, temos instrutores experientes para garantir que as nossas crian\u00e7as tenham a divers\u00e3o MAIS R\u00c1PIDA e as experi\u00eancias mais gratificantes numa col\u00f3nia de f\u00e9rias.<\/span><\/p>\r\n<p><span style=\"font-weight: 400;\">Todos os membros da nossa equipa conclu\u00edram um curso universit\u00e1rio e trabalham com crian\u00e7as h\u00e1 mais de 5 anos e t\u00eam forma\u00e7\u00e3o e experi\u00eancia relevantes.<\/span><\/p>\r\n<p><span style=\"font-weight: 400;\">Por exemplo, a nossa equipa de atividades de montanha participa em atividades de montanha com v\u00e1rios grupos h\u00e1 mais de 5 anos, com forma\u00e7\u00e3o e experi\u00eancia profissional noutros pa\u00edses europeus.<\/span><\/p>\r\n<p><span style=\"font-weight: 400;\">Os nossos instrutores, al\u00e9m de serem bem qualificados e formados no trabalho com crian\u00e7as em v\u00e1rias atividades, s\u00e3o pessoas realmente divertidas com experi\u00eancias de vida interessantes, tornando-se assim modelos bons e positivos para os participantes do nosso programa.<\/span><\/p>\r\n<p><!-- \/wp:post-content -->\u00a0<\/p>\r\n<!-- wp:heading -->\r\n<h2><strong>A NOSSA MISS\u00c3O<\/strong><\/h2>\r\n<!-- \/wp:heading -->\r\n<p><span style=\"font-weight: 400;\">A nossa miss\u00e3o \u00e9 facilitar a melhor experi\u00eancia de ver\u00e3o para crian\u00e7as de v\u00e1rios pa\u00edses.<\/span><\/p>\r\n<p><span style=\"font-weight: 400;\">Ao proporcionar um ambiente seguro e enriquecedor, o English Quest ajuda as crian\u00e7as a melhorar as suas capacidades sociais e a sua autoestima. O nosso pessoal incute nos nossos alunos um sentido de responsabilidade e respeito pelos colegas e pela Terra, e melhora os seus conhecimentos da l\u00edngua inglesa atrav\u00e9s de atividades emocionantes ao ar livre.<\/span><\/p>\r\n<p><!-- \/wp:paragraph -->\u00a0<\/p>\r\n<!-- wp:heading -->\r\n<h2><strong>OS NOSSOS PRINC\u00cdPIOS<\/strong><\/h2>\r\n<h3><!-- \/wp:heading --><\/h3>\r\n<h3><strong><b>Seguran\u00e7a<\/b><\/strong> <span style=\"font-weight: 400;\">(a nossa palavra mais favor\u00e1vel !!!) e assist\u00eancia.<\/span><\/h3>\r\n<!-- \/wp:paragraph -->\r\n<p><span style=\"font-weight: 400;\">A seguran\u00e7a \u00e9 a nossa\u00a0<\/span><b>MAIOR PRIORIDADE!<\/b><span style=\"font-weight: 400;\">\u00a0Come\u00e7amos por formar, entre os nossos alunos, a mentalidade certa orientada para a seguran\u00e7a. Explicando todas as nossas pol\u00edticas de seguran\u00e7a e ensinando-lhes como fazer julgamentos e avaliar os riscos, tomando assim a decis\u00e3o certa em cada a\u00e7\u00e3o que tomam.<\/span><\/p>\r\n<p><span style=\"font-weight: 400;\">Todos os alunos s\u00e3o cuidadosamente supervisionados ao longo do dia, quer nas aulas, quer durante as atividades desportivas e outras atividades. \u00c0 noite, o nosso pessoal patrulha os quartos e est\u00e1 sempre por perto se surgirem problemas.<\/span><\/p>\r\n<p><span style=\"font-weight: 400;\">Fornecemos todo o equipamento especializado essencial para as nossas atividades. Garantimos sempre que as crian\u00e7as recebem o equipamento completo para as atividades em conformidade com as normas brit\u00e2nicas ou europeias.<\/span><\/p>\r\n<!-- wp:heading {\"level\":3} -->\r\n<h3><b>Crescimento pessoal<\/b><\/h3>\r\n<!-- \/wp:heading -->\r\n<p><span style=\"font-weight: 400;\">Atrav\u00e9s das experi\u00eancias que os nossos estudantes t\u00eam nas nossas col\u00f3nias de f\u00e9rias, ajudamo-los a tornar-se mais autoconfiantes, a respeitar os seus pares, a respeitar o ambiente, e especialmente os recursos da natureza, e a adquirir uma melhor perce\u00e7\u00e3o de si pr\u00f3prios.<\/span><\/p>\r\n<!-- \/wp:paragraph -->\r\n<p><!-- wp:paragraph --><br \/><span style=\"font-weight: 400;\">Promovemos estes resultados atrav\u00e9s de:<\/span><\/p>\r\n<!-- wp:list {\"ordered\":true,\"type\":\"1\"} -->\r\n<ol type=\"1\">\r\n<li style=\"font-weight: 400;\" aria-level=\"1\"><span style=\"font-weight: 400;\">Ambiente divertido,<\/span><\/li>\r\n<li style=\"font-weight: 400;\" aria-level=\"1\"><span style=\"font-weight: 400;\">Cultura de bondade e respeito m\u00fatuo,<\/span><\/li>\r\n<li style=\"font-weight: 400;\" aria-level=\"1\"><span style=\"font-weight: 400;\">Muita aten\u00e7\u00e3o pessoal por parte dos nossos instrutores e l\u00edderes de grupo,<\/span><\/li>\r\n<li style=\"font-weight: 400;\" aria-level=\"1\"><span style=\"font-weight: 400;\">M\u00e1xima conex\u00e3o entre as pessoas, devido ao uso limitado de dispositivos eletr\u00f3nicos,<\/span><\/li>\r\n<li style=\"font-weight: 400;\" aria-level=\"1\"><span style=\"font-weight: 400;\">Inspira\u00e7\u00e3o do trabalho em equipa que facilita amizades duradouras.<\/span><\/li>\r\n<\/ol>\r\n<p><!-- \/wp:list -->\u00a0<\/p>\r\n<!-- wp:heading {\"level\":3} -->\r\n<h3>Divers\u00e3o para a vida<\/h3>\r\n<!-- \/wp:heading -->\r\n<p><span style=\"font-weight: 400;\">O ver\u00e3o deve ser uma \u00e9poca em que as crian\u00e7as desfrutam de experi\u00eancias fant\u00e1sticas e excitantes que ficam na sua mem\u00f3ria para o resto da sua vida.<\/span><\/p>\r\n<p><span style=\"font-weight: 400;\">\u00c9 uma oportunidade para conhecerem pessoas novas e interessantes, expandirem expandir os seus pr\u00f3prios limites e sentirem novas emo\u00e7\u00f5es.<\/span><\/p>\r\n<p><span style=\"font-weight: 400;\">Quando as crian\u00e7as passam tempo em algumas das paisagens mais surpreendentes perto dos nossos locais da col\u00f3nia, quer sejam as praias de areia limpa do mar Mediterr\u00e2neo, as montanhas de Troodos, no Chipre, 1700 m acima do n\u00edvel do mar, ou as cavernas subterr\u00e2neas na regi\u00e3o de Tarragona, sentem-se instantaneamente mais relaxadas, revigoradas e abertas para o mundo maravilhoso.<\/span><\/p>\r\n<p><!-- \/wp:paragraph -->\u00a0<\/p>\r\n<!-- wp:heading -->\r\n<h2><strong>AS NOSSAS COL\u00d3NIAS DE L\u00cdNGUAS<\/strong><\/h2>\r\n<!-- \/wp:heading -->\r\n<p><span style=\"font-weight: 400;\">As nossas col\u00f3nias s\u00e3o criadas para jovens estudantes de 11 a 17 anos de idade e oferecem \u00e0s crian\u00e7as uma oportunidade \u00fanica de experimentar todos os aspetos das nossas maravilhosas LOCALIZA\u00c7\u00d5ES, tais como as belas praias de areia e a natureza excitante nas montanhas!<\/span><\/p>\r\n<p><span style=\"font-weight: 400;\">Os nossos programas est\u00e3o <\/span><b>focados em aumentar a confian\u00e7a dos estudantes e a sua flu\u00eancia em ingl\u00eas<\/b><span style=\"font-weight: 400;\"> atrav\u00e9s de:<\/span><\/p>\r\n<p>[\/vc_column_text][vc_row_inner el_class=&#8221;large-icons&#8221;][vc_column_inner width=&#8221;1\/3&#8243;]<div class=\"eq-icon__widget\">\n        <div class=\"eq-icon__title\">Uso do ingl\u00eas em situa\u00e7\u00f5es do dia-a-dia<\/div>\n        <div class=\"eq-icon__image\" style=\"background-image: url(https:\/\/campamentosinternacionales.es\/wp-content\/uploads\/2022\/09\/cafe.png)\"><\/div>\n    <\/div>[\/vc_column_inner][vc_column_inner width=&#8221;1\/3&#8243;]<div class=\"eq-icon__widget\">\n        <div class=\"eq-icon__title\">Aulas baseadas em conversas<\/div>\n        <div class=\"eq-icon__image\" style=\"background-image: url(https:\/\/campamentosinternacionales.es\/wp-content\/uploads\/2022\/09\/conversation.png)\"><\/div>\n    <\/div>[\/vc_column_inner][vc_column_inner width=&#8221;1\/3&#8243;]<div class=\"eq-icon__widget\">\n        <div class=\"eq-icon__title\">Grupos pequenos por turma (m\u00e1x. 15 alunos)<\/div>\n        <div class=\"eq-icon__image\" style=\"background-image: url(https:\/\/campamentosinternacionales.es\/wp-content\/uploads\/2022\/09\/networking.png)\"><\/div>\n    <\/div>[\/vc_column_inner][\/vc_row_inner][\/vc_column][\/vc_row][vc_row el_class=&#8221;large-icons&#8221;][vc_column width=&#8221;1\/2&#8243;]<div class=\"eq-icon__widget\">\n        <div class=\"eq-icon__title\">Pr\u00e1tica cont\u00ednua do ingl\u00eas fora das aulas<\/div>\n        <div class=\"eq-icon__image\" style=\"background-image: url(https:\/\/campamentosinternacionales.es\/wp-content\/uploads\/2022\/11\/tour-guide.png)\"><\/div>\n    <\/div>[\/vc_column][vc_column width=&#8221;1\/2&#8243;]<div class=\"eq-icon__widget\">\n        <div class=\"eq-icon__title\">Testes personalizados<\/div>\n        <div class=\"eq-icon__image\" style=\"background-image: url(https:\/\/campamentosinternacionales.es\/wp-content\/uploads\/2022\/09\/approval.png)\"><\/div>\n    <\/div>[\/vc_column][\/vc_row]<\/p>","protected":false},"excerpt":{"rendered":"<p>[vc_row][vc_column][vc_column_text] OS NOSSOS PROFESSORES Todo o nosso pessoal docente: [\/vc_column_text][vc_row_inner el_class=&#8221;large-icons&#8221;][vc_column_inner width=&#8221;1\/4&#8243;][\/vc_column_inner][vc_column_inner width=&#8221;1\/4&#8243;][\/vc_column_inner][vc_column_inner width=&#8221;1\/4&#8243;][\/vc_column_inner][vc_column_inner width=&#8221;1\/4&#8243;][\/vc_column_inner][\/vc_row_inner][vc_column_text] A NOSSA EQUIPA DE ATIVIDADES O nosso pessoal, que est\u00e1 envolvido nas atividades di\u00e1rias das crian\u00e7as, tem vindo a organizar estes programas com eventos ativos [&hellip;]<\/p>\n","protected":false},"author":1,"featured_media":0,"parent":0,"menu_order":0,"comment_status":"closed","ping_status":"closed","template":"","meta":{"footnotes":""},"class_list":["post-15","page","type-page","status-publish","hentry"],"_links":{"self":[{"href":"https:\/\/campamentosinternacionales.es\/pt\/wp-json\/wp\/v2\/pages\/15","targetHints":{"allow":["GET"]}}],"collection":[{"href":"https:\/\/campamentosinternacionales.es\/pt\/wp-json\/wp\/v2\/pages"}],"about":[{"href":"https:\/\/campamentosinternacionales.es\/pt\/wp-json\/wp\/v2\/types\/page"}],"author":[{"embeddable":true,"href":"https:\/\/campamentosinternacionales.es\/pt\/wp-json\/wp\/v2\/users\/1"}],"replies":[{"embeddable":true,"href":"https:\/\/campamentosinternacionales.es\/pt\/wp-json\/wp\/v2\/comments?post=15"}],"version-history":[{"count":25,"href":"https:\/\/campamentosinternacionales.es\/pt\/wp-json\/wp\/v2\/pages\/15\/revisions"}],"predecessor-version":[{"id":744,"href":"https:\/\/campamentosinternacionales.es\/pt\/wp-json\/wp\/v2\/pages\/15\/revisions\/744"}],"wp:attachment":[{"href":"https:\/\/campamentosinternacionales.es\/pt\/wp-json\/wp\/v2\/media?parent=15"}],"curies":[{"name":"wp","href":"https:\/\/api.w.org\/{rel}","templated":true}]}}