{"id":209,"date":"2022-08-23T10:18:50","date_gmt":"2022-08-23T09:18:50","guid":{"rendered":"https:\/\/new.englishquestcamp.com\/en\/?page_id=209"},"modified":"2022-12-04T08:19:27","modified_gmt":"2022-12-04T08:19:27","slug":"faq","status":"publish","type":"page","link":"https:\/\/campamentosinternacionales.es\/it\/faq\/","title":{"rendered":"FAQ"},"content":{"rendered":"<p>[vc_row][vc_column][vc_column_text]<\/p>\n<h4><strong>CHE LIVELLO SONO?<\/strong><\/h4>\n<p>Dopo aver prenotato il corso, sosterrai il test d&#8217;ingresso il primo giorno di scuola. Questo definir\u00e0 il livello e la classe adatta per il corso di lingua.[\/vc_column_text][vc_column_text]<\/p>\n<h4><strong>COM&#8217;\u00c8 LA PRIMA VOLTA IN CAMPEGGIO?<\/strong><\/h4>\n<p>Nel corso degli anni abbiamo imparato che il modo migliore per i campeggiatori di passare senza intoppi alla vita lontano da casa \u00e8 essere impegnati dalla mattina alla sera, coinvolti in un programma dinamico e divertente. Alcuni bambini vengono assorbiti subito, altri impiegano un po&#8217; pi\u00f9 di tempo, ma il nostro team \u00e8 esperto nell&#8217;incoraggiare i bambini a unirsi e fare amicizia, rendendo l&#8217;esperienza del campeggiatore per la prima volta un&#8217;avventura piena di divertimento.[\/vc_column_text][vc_column_text]<\/p>\n<h4><strong>COME PU\u00d2 UN GENITORE CONTATTARE SUO FIGLIO?<\/strong><\/h4>\n<p>Consigliamo di dare ai bambini un paio di giorni per sistemarsi prima di contattarli. A meno che non si tratti di un&#8217;emergenza e possiamo aiutare a metterci in contatto con il bambino in qualsiasi momento della giornata.[\/vc_column_text][vc_column_text]<\/p>\n<h4><strong>COSA DEVO PORTARE AL CAMPO?<\/strong><\/h4>\n<p>Ti invieremo una lista delle cose da mettere in valigia una volta che avrai prenotato. Ti consigliamo di lasciare a casa iPod, telefoni cellulari, lettori mp3, laptop ecc. perch\u00e9 non possiamo prenderci cura di loro e non sono coperti dalla nostra assicurazione. I bambini devono portare il proprio abbigliamento esterno adatto, come tute sportive leggere, calzature e abbigliamento casual, compresi pantaloni lunghi e t-shirt. Forniamo tutto il set di sicurezza specializzato e le attrezzature necessarie per le nostre attivit\u00e0. Si prega di consultare il nostro elenco di articoli qui[\/vc_column_text][vc_column_text]<\/p>\n<h4><strong>I BAMBINI POSSONO PORTARE IL CELLULARE IN CAMPEGGIO?<\/strong><\/h4>\n<p>Possono \u2013 ma, in caso di smarrimento, furto o danneggiamento, consigliamo di non farlo. Non possiamo assumerci responsabilit\u00e0 per i telefoni e non devono essere utilizzati durante le attivit\u00e0, i pasti o dopo che i bambini si sono ritirati per la notte.[\/vc_column_text][vc_column_text]<\/p>\n<h4><strong>QUANTO \u00c8 SICURA L&#8217;ATTREZZATURA?<\/strong><\/h4>\n<p>Tutta l&#8217;attrezzatura specialistica (conforme alle norme europee) viene fornita dai nostri partner nelle attivit\u00e0 all&#8217;aperto, cos\u00ec come gli aiuti al galleggiamento e i giubbotti di salvataggio omologati, che devono essere indossati per tutti gli sport acquatici. In English Quest Camp aggiorniamo continuamente le nostre attrezzature di sicurezza per riflettere le migliori pratiche attuali.[\/vc_column_text][vc_column_text]<\/p>\n<h4><strong>CI SONO REGOLE?<\/strong><\/h4>\n<p>I campeggiatori vengono informati di tutte le regole del campeggio all&#8217;arrivo e ricordate di queste, se del caso, durante il soggiorno.[\/vc_column_text][vc_column_text]<\/p>\n<h4><strong>COM&#8217;\u00c8 IL CIBO?<\/strong><\/h4>\n<p>I nostri studenti sono universalmente colpiti dalla qualit\u00e0 del cibo. Crediamo che sia molto importante per i nostri studenti mangiare bene! Ci sforziamo molto per fornire loro cibo in abbondanza perch\u00e9 sappiamo quanto possono avere fame gli adolescenti durante una giornata intensa![\/vc_column_text][vc_column_text]<\/p>\n<h4><strong>COSA FACCIO OGNI GIORNO?<\/strong><\/h4>\n<p>Oltre alle lezioni di lingua giornaliere, durante il soggiorno di due settimane organizzeremo molti sport e altre attivit\u00e0 divertenti, che ti terranno impegnato dalla mattina fino a tarda sera. Inoltre, ti divertirai con attivit\u00e0 come l&#8217;arrampicata su roccia, l&#8217;escursionismo e il gioco di orienteering. Almeno una volta salirai in cima a una montagna con viste incredibili. Sarai sfidato, ma non ti spingeremo oltre le tue capacit\u00e0.[\/vc_column_text][vc_column_text]<\/p>\n<h4><strong>COSA RICEVER\u00d2 ALLA FINE DEL CORSO?<\/strong><\/h4>\n<p>Alla fine del tuo corso ti forniremo un certificato di English Quest Language Course che indica il tipo di corso che hai seguito e il livello di lingua che hai raggiunto.[\/vc_column_text][vc_column_text]<\/p>\n<h4><strong>DOVE STAR\u00d3?<\/strong><\/h4>\n<p>Offriamo alloggio in residence alberghieri di recente ristrutturazione, e moderne residenze universitarie di nuova costruzione. Per ulteriori informazioni sulla nostra sistemazione, controlla la descrizione delle Residenze per ciascuna destinazione nel nostro sito web. Inoltre, quando organizziamo il campeggio all&#8217;aperto con una notte di sonno, utilizziamo speciali e confortevoli tende da campeggio all&#8217;aperto in modo che i bambini possano avere una sensazione completa di aria aperta e natura.[\/vc_column_text][vc_column_text]<\/p>\n<h4><strong>COSA C&#8217;\u00c8 DA FARE DURANTE IL POMERIGGIO\/FINE SETTIMANA?<\/strong><\/h4>\n<p>Organizziamo un programma completo per il tempo libero e le attivit\u00e0 tutti i giorni della settimana con tour culturali e visite storiche, nonch\u00e9 molti sport ed emozionanti divertimenti all&#8217;aria aperta, eventi sociali la sera come serate barbecue, crociere in yacht, feste danzanti, caccia al tesoro, Quest e molto di pi\u00f9. Continuerai a parlare inglese fuori dall&#8217;aula mentre ti diverti e socializzi con i tuoi nuovi amici.[\/vc_column_text][vc_column_text]<\/p>\n<h4><strong>HO BISOGNO DI UN VISTO?<\/strong><\/h4>\n<p>Tutti i dettagli sui requisiti per il visto e le informazioni pi\u00f9 recenti sono disponibili sul sito web del Ministero degli Affari Esteri di Cipro:<\/p>\n<p>Elenco delle ambasciate e dei consolati onorari di Cipro all&#8217;estero<\/p>\n<p>http:\/\/www.mfa.gov.cy\/mfa\/mfa2006.nsf\/protocol04_en\/protocol04_en?OpenDocument<\/p>\n<p>http:\/\/www.mfa.gov.cy\/mfa\/mfa2006.nsf\/protocol06_en\/protocol06_en?OpenDocument<\/p>\n<p>Per ulteriori informazioni su quali Paesi i cittadini necessitano di un visto per Cipro, dai un&#8217;occhiata al link qui http:\/\/www.mfa.gov.cy\/mfa\/mfa2006.nsf\/All\/BCD9E71A8FBBA8DCC225720B001D9AFE?OpenDocument<\/p>\n<p>Modulo di domanda di visto http:\/\/www.mfa.gov.cy\/mfa\/mfa2006.nsf\/All\/79D56AAFACC31F32C225720C0022656B\/$file\/Application%20for%20Visa.pdf?OpenElement[\/vc_column_text][vc_column_text]<\/p>\n<h4><strong>COME POSSO TROVARE LA STRADA DALL&#8217;AEROPORTO AL CAMP RESIDENCE?<\/strong><\/h4>\n<p>Il nostro rappresentante ti incontrer\u00e0 all&#8217;arrivo e ti accompagner\u00e0 fino al tuo alloggio. Alla fine del tuo soggiorno verrai prelevato dal tuo alloggio e portato in aeroporto con l&#8217;accompagnamento di un nostro rappresentante.<\/p>\n<p>Per la registrazione di un accompagnatore della compagnia aerea, su richiesta, forniremo tutti i dettagli dell&#8217;incontro e dell&#8217;accompagnatore. Si prega di notare che questo servizio del campo ha un costo aggiuntivo, come indicato nella sezione Tariffe.<\/p>\n<p>I genitori che accompagnano il bambino al luogo di residenza devono portarlo al seguente indirizzo:<\/p>\n<p><strong>CIPRO<\/strong><\/p>\n<p>Hotel L&#8217;AUMENTO<\/p>\n<p>1, KIMONOS Street, Larnaca, CIPRO<\/p>\n<p>Hotel Frangiorgio<\/p>\n<p>9, Grigori Afxentiou Street, Larnaca, Cipro<\/p>\n<p>&nbsp;<\/p>\n<p><strong>SPAGNA<\/strong><\/p>\n<p>Rambla del Presidente Llu\u00eds Companys, 5<\/p>\n<p>Tarragona 43005<\/p>\n<p>Spagna<\/p>\n<p>&nbsp;<\/p>\n<p><strong>PORTOGALLO<\/strong><\/p>\n<p>Rua Monte da Esta\u00e7\u00e3o, 342, 4300-342 Porto,<\/p>\n<p>Portogallo[\/vc_column_text][vc_column_text]<\/p>\n<h4><strong>CHE TIPO DI QUALIFICA HA IL MIO INSEGNANTE\/ISTRUTTORE CHE SVOLGER\u00c0 LE ATTIVIT\u00c0?<\/strong><\/h4>\n<p>Il nostro personale docente e delle attivit\u00e0 \u00e8 laureato universitario con un&#8217;esperienza didattica di oltre 10 anni. I nostri insegnanti sono insegnanti pienamente qualificati e dedicati della lingua che insegnano e sono tenuti aggiornati con gli ultimi sviluppi nella metodologia di insegnamento e le esigenze degli studenti frequentando seminari organizzati da commissioni d&#8217;esame esterne e ricevendo una formazione interna regolare.<\/p>\n<p>I nostri istruttori e supervisori delle attivit\u00e0 si sono laureati presso le universit\u00e0 e hanno esperienza di lavoro con i bambini da pi\u00f9 di 5 anni.<\/p>\n<p>Nelle domande\/risposte di cui sopra cerchiamo di coprire la maggior parte delle questioni comuni che studenti e genitori vorrebbero chiarire prima di prenotare un programma. Se permangono altre domande, non esitare a contattarci <strong><u><a href=\"mailto:info@englishquestcamp.com\">qui<\/a>.<\/u><\/strong>[\/vc_column_text][\/vc_column][\/vc_row][vc_row][vc_column][vc_btn title=&#8221;PRENOTA ORA&#8221; style=&#8221;classic&#8221; shape=&#8221;square&#8221; color=&#8221;primary&#8221; size=&#8221;lg&#8221; align=&#8221;center&#8221; link=&#8221;url:%2Fen%2Fcamps-booking%2F|title:Camps%20booking&#8221;][\/vc_column][\/vc_row]<\/p>\n","protected":false},"excerpt":{"rendered":"<p>[vc_row][vc_column][vc_column_text] CHE LIVELLO SONO? Dopo aver prenotato il corso, sosterrai il test d&#8217;ingresso il primo giorno di scuola. Questo definir\u00e0 il livello e la classe adatta per il corso di lingua.[\/vc_column_text][vc_column_text] COM&#8217;\u00c8 LA PRIMA VOLTA IN CAMPEGGIO? Nel corso degli [&hellip;]<\/p>\n","protected":false},"author":1,"featured_media":0,"parent":0,"menu_order":0,"comment_status":"closed","ping_status":"closed","template":"","meta":{"footnotes":""},"class_list":["post-209","page","type-page","status-publish","hentry"],"_links":{"self":[{"href":"https:\/\/campamentosinternacionales.es\/it\/wp-json\/wp\/v2\/pages\/209","targetHints":{"allow":["GET"]}}],"collection":[{"href":"https:\/\/campamentosinternacionales.es\/it\/wp-json\/wp\/v2\/pages"}],"about":[{"href":"https:\/\/campamentosinternacionales.es\/it\/wp-json\/wp\/v2\/types\/page"}],"author":[{"embeddable":true,"href":"https:\/\/campamentosinternacionales.es\/it\/wp-json\/wp\/v2\/users\/1"}],"replies":[{"embeddable":true,"href":"https:\/\/campamentosinternacionales.es\/it\/wp-json\/wp\/v2\/comments?post=209"}],"version-history":[{"count":12,"href":"https:\/\/campamentosinternacionales.es\/it\/wp-json\/wp\/v2\/pages\/209\/revisions"}],"predecessor-version":[{"id":748,"href":"https:\/\/campamentosinternacionales.es\/it\/wp-json\/wp\/v2\/pages\/209\/revisions\/748"}],"wp:attachment":[{"href":"https:\/\/campamentosinternacionales.es\/it\/wp-json\/wp\/v2\/media?parent=209"}],"curies":[{"name":"wp","href":"https:\/\/api.w.org\/{rel}","templated":true}]}}