{"id":204,"date":"2022-08-23T09:51:40","date_gmt":"2022-08-23T08:51:40","guid":{"rendered":"https:\/\/new.englishquestcamp.com\/en\/?page_id=204"},"modified":"2022-12-04T08:43:52","modified_gmt":"2022-12-04T08:43:52","slug":"terms-and","status":"publish","type":"page","link":"https:\/\/campamentosinternacionales.es\/it\/terms-and\/","title":{"rendered":"Termini e Condizioni"},"content":{"rendered":"<p>[vc_row][vc_column][vc_column_text]<\/p>\r\n<h2 class=\"wp-block-heading\"><strong>GENERALE<\/strong><\/h2>\r\n<p>\u00a0<\/p>\r\n\r\n<ol class=\"wp-block-list\" type=\"1\">\r\n<li>Compila e invia il Modulo di domanda online. Paga il deposito minimo di \u20ac 300 e quote di iscrizione per bambino per sessione. Si prega di notare che nessuna prenotazione sar\u00e0 confermata fino al ricevimento della caparra.<\/li>\r\n<li>Daremo la conferma della tua prenotazione e ti invieremo una fattura per il pagamento finale insieme a ulteriori informazioni sui programmi che hai prenotato.<\/li>\r\n<li>30 giorni prima dell&#8217;inizio del programma \u00e8 richiesto il pagamento completo. Pertanto, le prenotazioni pervenute 30 o meno giorni prima dell&#8217;inizio del programma devono essere accompagnate dal pagamento completo.<\/li>\r\n<li><strong>Notti extra<\/strong>: i bambini che arrivano un giorno prima o partono un giorno dopo rispetto alle normali date della sessione del programma possono farlo solo previo accordo. In questo caso verr\u00e0 aggiunto alla fattura un supplemento per bambino a notte.<\/li>\r\n<\/ol>\r\n<p><strong>Le commissioni di bonifico bancario e le commissioni di pagamento online sono a carico del cliente.<\/strong><\/p>\r\n<p><!-- \/wp:post-content -->\u00a0<\/p>\r\n<!-- wp:heading {\"level\":3} -->\r\n<h3><strong>prenotazione e condizioni di cancellazione<\/strong><\/h3>\r\n<p><!-- \/wp:heading -->Per favore leggi queste importanti informazioni relative alle condizioni per la prenotazione, per la tua tranquillit\u00e0 e sicurezza.<\/p>\r\n<p><!-- \/wp:paragraph -->\u00a0<\/p>\r\n<!-- wp:heading {\"level\":3} -->\r\n<h3>FARE UNA PRENOTAZIONE<\/h3>\r\n<p><!-- \/wp:heading -->\u00a0<\/p>\r\n<!-- wp:list {\"ordered\":true,\"type\":\"1\"} -->\r\n<ol type=\"1\">\r\n<li>All bookings are made with English Quest Camps<\/li>\r\n<li>No booking is confirmed until English Quest has received a booking form and the required deposit or the full payment for the programme ( if booking made after less than 30 days before the start of the booked programme ).<\/li>\r\n<li>The person making the booking confirms to English Quest that he or she has the authority of a parent or legal guardian of each child and the authority to contract with English Quest Camp on behalf of each child on the basis of these conditions and have agreed to be bound by them.<\/li>\r\n<li>This contract is subject to the laws of the country where each camp is situated.<\/li>\r\n<li>No changes may be made relating to these conditions except in writing by an officer or the director of English Quest Camps.<\/li>\r\n<\/ol>\r\n<p><!-- \/wp:list -->\u00a0<\/p>\r\n<!-- wp:heading {\"level\":3} -->\r\n<h3><strong>PAGAMENTO, CANCELLAZIONE E CONDIZIONI PER IL RIMBORSO<\/strong><\/h3>\r\n<p><!-- \/wp:heading -->\u00a0<\/p>\r\n<!-- wp:list {\"ordered\":true,\"type\":\"1\"} -->\r\n<ol type=\"1\">\r\n<li>Il pagamento integrale del programma prenotato, inclusi i servizi extra, dovr\u00e0 pervenire non meno di 30 giorni prima dell&#8217;inizio del programma prenotato. English Quest Camp si riserva il diritto di cancellare la prenotazione, senza rimborso della caparra, se questa condizione non viene rispettata.<\/li>\r\n<li>30 giorni e meno prima dell&#8217;inizio del campo \u2013 il 100% della fattura finale deve essere pagato.<\/li>\r\n<li>Nessun rimborso sar\u00e0 effettuato per nessun motivo una volta iniziato il programma.<\/li>\r\n<li>Se la cancellazione viene effettuata 15 giorni o meno prima dell&#8217;inizio del programma, verr\u00e0 effettuato un rimborso, meno la quota di iscrizione + 50% del costo del programma.<\/li>\r\n<li>Se la cancellazione viene effettuata tra 29 e 15 giorni prima dell&#8217;inizio del programma, verr\u00e0 fornito un rimborso completo, meno il deposito, le spese di registrazione e le eventuali spese bancarie.<\/li>\r\n<\/ol>\r\n<p><!-- \/wp:list -->\u00a0<\/p>\r\n<!-- wp:heading {\"level\":3} -->\r\n<h3><strong>RESPONSABILIT\u00c0 DEI GENITORI<\/strong><\/h3>\r\n<p><!-- \/wp:heading --><strong>Parenti e tutori accettano la totale responsabilit\u00e0 finanziaria per chiunque venga registrato da loro ad English Quest Camps per i seguenti casi:<\/strong><\/p>\r\n<p><!-- \/wp:paragraph -->\u00a0<\/p>\r\n<!-- wp:list {\"ordered\":true,\"type\":\"1\"} -->\r\n<ol>\r\n<li>Danni causati, volontariamente o meno, a strutture, attrezzature, abbigliamento o qualsiasi altra cosa appartenente o noleggiata da English Quest Camps.<\/li>\r\n<li>Spese di rimpatrio per qualsiasi persona che debba essere rimandata a casa o in un luogo designato, a causa di malattia, incidente, comportamento scorretto o qualsiasi altro motivo ritenuto valido da English Quest Camps.<\/li>\r\n<li>Qualsiasi paghetta o qualsiasi acquisto di natura personale effettuato per conto del bambino per quanto non espressamente compreso nel pacchetto del Programma.<\/li>\r\n<li>Comportamento dei bambini &#8211; I bambini, mentre sono sotto la completa supervisione di English Quest Camps, sono tenuti a rispettare tutte le regole e i regolamenti di English Quest Camp. English Quest Camps si riserva il diritto di mandare a casa qualsiasi bambino o dai suoi genitori, se, secondo l&#8217;amministrazione di English Quest Camps, il bambino \u00e8 incompatibile con il benessere generale del campo a causa della sua ignoranza di dette regole e regolamenti. In questo caso, tutte le spese di viaggio sarebbero a carico del genitore o tutore e non verrebbe preso in considerazione alcun rimborso delle tasse del campeggio<\/li>\r\n<li><strong>Condizioni meteorologiche avverse \u2013 <\/strong>English Quest Camps non pu\u00f2 essere responsabile per le condizioni meteorologiche che influiscono negativamente sulla capacit\u00e0 dei bambini di partecipare alle attivit\u00e0 offerte in uno qualsiasi dei programmi dei Camp. Se le attivit\u00e0 pubblicate vengono annullate per qualsiasi motivo, English Quest Camps far\u00e0 tutto il possibile per trovare attivit\u00e0 alternative per i bambini.<\/li>\r\n<li><strong>Cancellazioni o modifica del programma\u2013\u00a0<\/strong>English Quest Camps si riserva il diritto di annullare o modificare qualsiasi programma o programmi elencati nella nostra brochure o sito a causa di un numero insufficiente di partecipanti o per qualsiasi altro motivo al di fuori del suo controllo. Se si verifica questo raro evento, English Quest Camps offrir\u00e0 ai nostri bambini la scelta di un programma di campo alternativo.<\/li>\r\n<li><strong>Cancellazioni o modifica del programma\u2013\u00a0<\/strong>English Quest Camps si riserva il diritto di annullare o modificare qualsiasi programma o programmi elencati nella nostra brochure o sito a causa di un numero insufficiente di partecipanti o per qualsiasi altro motivo al di fuori del suo controllo. Se si verifica questo raro evento, English Quest Camps offrir\u00e0 ai nostri bambini la scelta di un programma di campo alternativo.<\/li>\r\n<\/ol>\r\n<p><!-- \/wp:list -->\u00a0<\/p>\r\n<!-- wp:heading {\"level\":3} -->\r\n<h3><strong>VARIE ALTRE CONDIZIONI<\/strong><\/h3>\r\n<p><!-- \/wp:heading -->\u00a0<\/p>\r\n<!-- wp:list {\"type\":\"1\"} -->\r\n<ul type=\"1\">\r\n<li><strong>Deposit<\/strong><strong>o Cauzionale<\/strong><\/li>\r\n<\/ul>\r\n<p><!-- \/wp:list -->All&#8217;arrivo ogni bambino dovr\u00e0 versare una caparra di 50 euro che coprir\u00e0 eventuali danni occorsi dal bambino durante il soggiorno. Tale caparra verr\u00e0 restituita al bambino l&#8217;ultimo giorno prima della partenza, fermo restando che non si sono verificati danni alle residenze, alle strutture scolastiche o ad altre strutture.<\/p>\r\n<p><!-- \/wp:paragraph -->\u00a0<\/p>\r\n<!-- wp:list -->\r\n<ul>\r\n<li><strong>Autorizzazione medica<\/strong><\/li>\r\n<\/ul>\r\n<p><!-- \/wp:list -->English Quest Camps avr\u00e0 piena autorit\u00e0 per intraprendere qualsiasi azione ritenga necessaria per salvaguardare la salute e il benessere del bambino a spese dei genitori o del tutore.<\/p>\r\n<p><!-- \/wp:paragraph -->\u00a0<\/p>\r\n<!-- wp:list -->\r\n<ul>\r\n<li><strong>Vis<\/strong><strong>to<\/strong><\/li>\r\n<\/ul>\r\n<p><!-- \/wp:list -->Gli studenti che necessitano di un visto per l&#8217;ingresso nel paese in cui si trovano i nostri campi, devono richiedere un visto nel loro paese prima dell&#8217;arrivo al campo. I documenti di English Quest Camp necessari per il rilascio del visto verranno inviati dopo aver ricevuto il pagamento completo. In caso di rifiuto del visto 3 o pi\u00f9 settimane prima dell&#8217;inizio del programma, verr\u00e0 effettuato un rimborso completo, meno 300 euro e tutte le spese bancarie\/postali, 30 giorni dopo che \u00e8 stata fornita una prova del rifiuto del visto. Se il rifiuto del visto \u00e8 avvenuto meno di 3 settimane prima dell&#8217;inizio del programma, verr\u00e0 effettuato un rimborso meno il 50% del costo del programma.<\/p>\r\n<p><!-- \/wp:paragraph -->\u00a0<\/p>\r\n<!-- wp:list -->\r\n<ul>\r\n<li><strong>Assicurazione<\/strong><\/li>\r\n<\/ul>\r\n<p><!-- \/wp:list -->Tutti gli studenti prima dell\u2019arrivo nel paese di destinazione dovranno stipulare un\u2019assicurazione di viaggio. Una copia di quest\u2019assicurazione dovr\u00e0 essere inviata a mezzo email prima dell\u2019arrivo al Campo per la partecipazione al programma.<\/p>\r\n<p><!-- \/wp:paragraph -->\u00a0<\/p>\r\n<!-- wp:list -->\r\n<ul>\r\n<li><strong>Trasferimenti aereoportuali<\/strong><\/li>\r\n<\/ul>\r\n<p><!-- \/wp:list -->Tutti i dettagli del volo dello studente dovrebbero esserci forniti almeno 1 settimana prima dell&#8217;arrivo. Eventuali modifiche al volo devono essere fornite almeno 2 giorni prima della data del volo. Se le informazioni non vengono fornite come descritto qui, non ci assumiamo alcuna responsabilit\u00e0 per eventuali ritardi nel trasferimento.<\/p>\r\n<p>I trasferimenti aeroportuali di Larnaca (in entrambe le direzioni) sono inclusi nel prezzo del programma, tranne nelle ore 22.00-07.00. Il supplemento durante questi orari \u00e8 di 15 euro a bambino.<\/p>\r\n<p>I trasferimenti da qualsiasi altro aeroporto hanno un costo aggiuntivo a seconda dell&#8217;aeroporto, come segue:<\/p>\r\n<p><!-- \/wp:paragraph -->\u00a0<\/p>\r\n<!-- wp:table -->\r\n<figure class=\"wp-block-table\">\r\n<table>\r\n<tbody>\r\n<tr>\r\n<td>\u00a0<\/td>\r\n<td>One way<\/td>\r\n<td>Return<\/td>\r\n<\/tr>\r\n<tr>\r\n<td>Pafos<\/td>\r\n<td>120\u20ac<\/td>\r\n<td>220\u20ac<\/td>\r\n<\/tr>\r\n<tr>\r\n<td>Barcelona<\/td>\r\n<td>45\u20ac<\/td>\r\n<td>80\u20ac<\/td>\r\n<\/tr>\r\n<tr>\r\n<td>Porto<\/td>\r\n<td>45\u20ac<\/td>\r\n<td>80\u20ac<\/td>\r\n<\/tr>\r\n<tr>\r\n<td>Madrid<\/td>\r\n<td>75\u20ac<\/td>\r\n<td>140\u20ac<\/td>\r\n<\/tr>\r\n<\/tbody>\r\n<\/table>\r\n<\/figure>\r\n<p><!-- \/wp:table -->\u00a0<\/p>\r\n<!-- wp:list {\"type\":\"1\"} -->\r\n<ul type=\"1\">\r\n<li><strong>Minori non accompagnati<\/strong><strong> (UM)<\/strong><\/li>\r\n<\/ul>\r\n<p><!-- \/wp:list -->Gli studenti minorenni non accompagnati verranno accolti da un rappresentante di English Quest Camp all&#8217;arrivo e saranno accompagnati alle residenze del Camp. Quindi, \u00e8 importante essere informati 7 giorni o pi\u00f9 prima dell&#8217;arrivo di tale necessit\u00e0.<\/p>\r\n<p>\u00c8 previsto un supplemento per il servizio di scorta UM di 40 euro per bambino a tratta.<\/p>\r\n<p><!-- \/wp:paragraph -->\u00a0<\/p>\r\n<!-- wp:list -->\r\n<ul>\r\n<li><strong>Orari di coprifuoco per gli studenti<\/strong><\/li>\r\n<\/ul>\r\n<p><!-- \/wp:list -->Da 16+ : Domenica-Gioved\u00ec 22.30 Venerd\u00ec-Sabato 23.00<br \/>Per et\u00e0 inferiori ai 16 anni: Domenica-Gioved\u00ec 22.00 Venerd\u00ec-Sabato 22.30<\/p>\r\n<p><!-- \/wp:paragraph -->\u00a0<\/p>\r\n<!-- wp:list -->\r\n<ul>\r\n<li><strong>Denaro in contanti<\/strong><\/li>\r\n<\/ul>\r\n<p><!-- \/wp:list -->I genitori devono assicurarsi di dare abbastanza denaro in contante ai loro figli. Di media, 100\u20ac per ogni settimana di soggiorno dovrebbero essere sufficienti.<\/p>\r\n<p>In caso di emergenza, il campo potr\u00e0 provvedere a dare del denaro in contante e l\u2019importo corrispettivo potr\u00e0\/dovr\u00e0 essere trasferito nel nostro conto bancario.<\/p>\r\n<p><!-- \/wp:paragraph -->\u00a0<\/p>\r\n<!-- wp:list -->\r\n<ul>\r\n<li><strong>Sito web ufficiale<\/strong><\/li>\r\n<\/ul>\r\n<p><!-- \/wp:list -->Il nostro sito web ufficiale \u00e8: <a href=\"http:\/\/www.englishquestcamp.com\">www.englishquestcamp.com<\/a>. Non ci assumiamo la responsabilit\u00e0 per ogni altra tipologia di informazioni fornita a qualsiasi altro sito che non appartenga al nostro campo.<\/p>\r\n<p><!-- \/wp:paragraph -->\u00a0<\/p>\r\n<!-- wp:list -->\r\n<ul>\r\n<li><strong>Numero di emergenza H<\/strong><strong>24 <\/strong><\/li>\r\n<\/ul>\r\n<p><!-- \/wp:list -->Il seguente numero + 357 97734397 potr\u00e0 essere usato dai parenti in casi emergenziali per poter informare i propri figli.<\/p>\r\n<p><!-- \/wp:paragraph -->\u00a0<\/p>\r\n<!-- wp:list -->\r\n<ul>\r\n<li><strong>Materiale promozionale<\/strong><\/li>\r\n<\/ul>\r\n<p><!-- \/wp:list -->Il consenso dei genitori viene fornito una volta pagata la prenotazione e English Quest Camps si riserva il diritto di utilizzare qualsiasi fotografia, lavoro artistico etc dei ragazzi nel proprio sito web e in qualsiasi futura pubblicazione.<\/p>\r\n<p><!-- \/wp:paragraph -->\u00a0<\/p>\r\n<p>[\/vc_column_text][vc_btn title=&#8221;prenota ora&#8221; style=&#8221;classic&#8221; shape=&#8221;square&#8221; color=&#8221;primary&#8221; size=&#8221;lg&#8221; link=&#8221;url:https%3A%2F%2Fenglishquestcamp.com%2Fit%2Fcamps-booking%2F|title:Camps%20booking&#8221;][\/vc_column][\/vc_row][vc_row][vc_column][vc_column_text]<\/p>\r\n<p style=\"text-align: right;\"><a href=\"\/wp-content\/uploads\/2022\/09\/Terms-and-Conditions-\u2013-EnglishqQuestCamp.pdf\">Download as PDF<\/a><\/p>\r\n<p>[\/vc_column_text][\/vc_column][\/vc_row]<\/p>","protected":false},"excerpt":{"rendered":"<p>[vc_row][vc_column][vc_column_text] GENERALE \u00a0 Compila e invia il Modulo di domanda online. Paga il deposito minimo di \u20ac 300 e quote di iscrizione per bambino per sessione. Si prega di notare che nessuna prenotazione sar\u00e0 confermata fino al ricevimento della caparra. [&hellip;]<\/p>\n","protected":false},"author":1,"featured_media":0,"parent":0,"menu_order":0,"comment_status":"closed","ping_status":"closed","template":"","meta":{"footnotes":""},"class_list":["post-204","page","type-page","status-publish","hentry"],"_links":{"self":[{"href":"https:\/\/campamentosinternacionales.es\/it\/wp-json\/wp\/v2\/pages\/204","targetHints":{"allow":["GET"]}}],"collection":[{"href":"https:\/\/campamentosinternacionales.es\/it\/wp-json\/wp\/v2\/pages"}],"about":[{"href":"https:\/\/campamentosinternacionales.es\/it\/wp-json\/wp\/v2\/types\/page"}],"author":[{"embeddable":true,"href":"https:\/\/campamentosinternacionales.es\/it\/wp-json\/wp\/v2\/users\/1"}],"replies":[{"embeddable":true,"href":"https:\/\/campamentosinternacionales.es\/it\/wp-json\/wp\/v2\/comments?post=204"}],"version-history":[{"count":18,"href":"https:\/\/campamentosinternacionales.es\/it\/wp-json\/wp\/v2\/pages\/204\/revisions"}],"predecessor-version":[{"id":749,"href":"https:\/\/campamentosinternacionales.es\/it\/wp-json\/wp\/v2\/pages\/204\/revisions\/749"}],"wp:attachment":[{"href":"https:\/\/campamentosinternacionales.es\/it\/wp-json\/wp\/v2\/media?parent=204"}],"curies":[{"name":"wp","href":"https:\/\/api.w.org\/{rel}","templated":true}]}}