{"id":15,"date":"2022-08-15T10:55:43","date_gmt":"2022-08-15T09:55:43","guid":{"rendered":"https:\/\/new.englishquestcamp.com\/en\/?page_id=15"},"modified":"2022-12-04T07:17:03","modified_gmt":"2022-12-04T07:17:03","slug":"about-us","status":"publish","type":"page","link":"https:\/\/campamentosinternacionales.es\/it\/about-us\/","title":{"rendered":"Su di Noi"},"content":{"rendered":"<p>[vc_row][vc_column][vc_column_text]<\/p>\r\n<h2><strong>I NOSTRI INSEGNANTI<\/strong><\/h2>\r\n<p>Tutto il nostro corpo docenti:<\/p>\r\n<p>[\/vc_column_text][vc_row_inner el_class=&#8221;large-icons&#8221;][vc_column_inner width=&#8221;1\/4&#8243;]<div class=\"eq-icon__widget\">\n        <div class=\"eq-icon__title\">HAI 5 O PI\u00d9 ANNI DI ESPERIENZA DI INSEGNAMENTO LINGUISTICO<\/div>\n        <div class=\"eq-icon__image\" style=\"background-image: url(https:\/\/campamentosinternacionales.es\/wp-content\/uploads\/2022\/09\/5.png)\"><\/div>\n    <\/div>[\/vc_column_inner][vc_column_inner width=&#8221;1\/4&#8243;]<div class=\"eq-icon__widget\">\n        <div class=\"eq-icon__title\">LAVORA CON GIOVANI STUDENTI DI LINGUE DURANTE TUTTO L\u2019ANNO, SIA IN UN LICEO INGLESE CHE IN UN'UNIVERSIT\u00c0<\/div>\n        <div class=\"eq-icon__image\" style=\"background-image: url(https:\/\/campamentosinternacionales.es\/wp-content\/uploads\/2022\/09\/college.png)\"><\/div>\n    <\/div>[\/vc_column_inner][vc_column_inner width=&#8221;1\/4&#8243;]<div class=\"eq-icon__widget\">\n        <div class=\"eq-icon__title\">\u00c8 MADRELINGUA<\/div>\n        <div class=\"eq-icon__image\" style=\"background-image: url(https:\/\/campamentosinternacionales.es\/wp-content\/uploads\/2022\/09\/england.png)\"><\/div>\n    <\/div>[\/vc_column_inner][vc_column_inner width=&#8221;1\/4&#8243;]<div class=\"eq-icon__widget\">\n        <div class=\"eq-icon__title\">HA COMPLETATO UN CORSO DI LAUREA UNIVERSITARIA (LAUREA MAGISTRALE O MAGISTRALE) COME INSEGNANTI DI LINGUE<\/div>\n        <div class=\"eq-icon__image\" style=\"background-image: url(https:\/\/campamentosinternacionales.es\/wp-content\/uploads\/2022\/09\/graduation-hat.png)\"><\/div>\n    <\/div>[\/vc_column_inner][\/vc_row_inner][vc_column_text]<\/p>\r\n<h2 class=\"wp-block-heading\"><strong>IL NOSTRO TEAM DI ATTIVIT\u00c0<\/strong><\/h2>\r\n<p>Il nostro staff, coinvolto nelle attivit\u00e0 quotidiane dei bambini, ha organizzato questi programmi con eventi ed attivit\u00e0 all\u2019aperto negli ultimi 5 anni.<br \/>Che si tratti di un campus scolastico, al mare o in montagna, disponiamo di istruttori esperti per garantire che i nostri bambini abbiano il divertimento pi\u00f9 SICURO e le esperienze pi\u00f9 appaganti in un centro estivo.<br \/>Tutti i membri del nostro team hanno terminato un corso universitario e lavorano con i bambini da oltre 5 anni e hanno una formazione ed esperienza pertinenti.<br \/>Ad esempio, il nostro team di Mountain Activities lavora con vari gruppi di attivit\u00e0 di montagna da oltre 5 anni con ulteriore formazione ed esperienza lavorativa in altri paesi europei<br \/>I nostri istruttori, oltre ad essere ben qualificati e ben formati nel lavorare con i bambini in varie attivit\u00e0, sono persone davvero divertenti con esperienze di vita interessanti, in modo da diventare un modello di ruolo buono e positivo per tutti i partecipanti al nostro programma<\/p>\r\n<p>\u00a0<\/p>\r\n\r\n<h2 class=\"wp-block-heading\"><strong>LA NOSTRA MISSIONE<\/strong><\/h2>\r\n<p>La nostra missione \u00e8 facilitare l&#8217;ultima esperienza estiva per i bambini di vari paesi.<\/p>\r\n<p>Fornendo un ambiente sicuro e arricchente, English Quest aiuta i bambini a migliorare le proprie abilit\u00e0 sociali e autostima. Il nostro staff instilla nei nostri studenti un senso di responsabilit\u00e0 e rispetto per i coetanei, per la Terra e migliora le loro abilit\u00e0 linguistiche in inglese attraverso emozionanti attivit\u00e0 all&#8217;aperto.<\/p>\r\n<p>\u00a0<\/p>\r\n\r\n<h2 class=\"wp-block-heading\"><strong>I NOSTRI PRINCIPI<\/strong><\/h2>\r\n<h3><\/h3>\r\n<h3><strong>SICUREZZA<\/strong> (LA NOSTRA PAROLA PI\u00d9 A FAVORE!!!) E SOSTEGNO.<\/h3>\r\n<p>Facciamo della sicurezza la nostra <strong>PRIORIT\u00c0 PRINCIPALE!<\/strong> Iniziamo formando tra i nostri studenti la giusta mentalit\u00e0 consapevole della sicurezza. Spiegando tutte le nostre politiche di sicurezza e insegnando loro come esprimere giudizi e valutare i rischi, prendendo cos\u00ec la decisione giusta in ogni azione che intraprendono.<\/p>\r\n<p>Tutti gli studenti sono seguiti attentamente durante il giorno, sia in classe che durante gli sport e le attivit\u00e0. Di notte il personale pattuglia le camere da letto ed \u00e8 sempre nelle vicinanze in caso di problemi. Forniamo tutte le attrezzature specialistiche essenziali per le nostre attivit\u00e0. Ci assicuriamo che i bambini siano completamente forniti di attrezzature per attivit\u00e0 conformi agli standard britannici o europei.<\/p>\r\n<p><!-- \/wp:post-content -->\u00a0<\/p>\r\n<!-- wp:heading {\"level\":3} -->\r\n<h3><strong>CRESCITA PERSONALE<\/strong><\/h3>\r\n<p>Attraverso le esperienze che i nostri studenti hanno nei nostri campi estivi, li aiutiamo a diventare pi\u00f9 sicuri di s\u00e9, rispettare gli altri esseri umani, rispettare l&#8217;ambiente e in particolare le risorse della natura e acquisire una migliore visione di s\u00e9 stessi.<\/p>\r\n<p><!-- \/wp:heading -->\r\n\r\n<!-- wp:paragraph --><br \/>Promuoviamo tali risultati attraverso:<\/p>\r\n<p><!-- \/wp:paragraph -->\u00a0<\/p>\r\n<!-- wp:list {\"ordered\":true,\"type\":\"1\"} -->\r\n<ol type=\"1\">\r\n<li>Atmosfera divertente,<\/li>\r\n<li>Cultura della gentilezza e del rispetto reciproco,<\/li>\r\n<li>Molta attenzione individuale dai nostri istruttori e capigruppo,<\/li>\r\n<li>Massima connessione personale, dovuta all\u2019uso limitato di strumenti elettronici<\/li>\r\n<li>Ispirazione del team building che facilita le amicizie durature<\/li>\r\n<\/ol>\r\n<p><!-- \/wp:list -->\u00a0<\/p>\r\n<!-- wp:heading {\"level\":3} -->\r\n<h3><strong>DIVERTIMENTO PER LA VITA<\/strong><\/h3>\r\n<p>L&#8217;estate dovrebbe essere un momento in cui i bambini vivono esperienze fantastiche ed eccitanti che rimangono nei loro ricordi per il resto della loro vita.<\/p>\r\n<p>\u00c8 un&#8217;opportunit\u00e0 per incontrare persone nuove e interessanti, un momento per espandere i propri limiti e provare nuove emozioni.<\/p>\r\n<p>Quando i bambini trascorrono del tempo in alcuni degli scenari pi\u00f9 sorprendenti vicino ai luoghi del nostro campeggio, come le pulite spiagge sabbiose del Mar Mediterraneo, i monti Troodos a Cipro a 1700 m sul livello del mare o le grotte sotterranee nella regione di Tarragona, si sentono immediatamente pi\u00f9 rilassati, rinfrescati e aperti al mondo meraviglioso<\/p>\r\n<p><!-- \/wp:heading -->\u00a0<\/p>\r\n<!-- wp:heading -->\r\n<h2><strong>I NOSTRI CAMPI LINGUISTICI<\/strong><\/h2>\r\n<p>I nostri Camp sono pensati per giovani studenti, di et\u00e0 compresa tra 11 e 17 anni e offrono ai bambini un&#8217;opportunit\u00e0 unica di sperimentare tutti gli aspetti delle nostre meravigliose LOCATION, come le bellissime spiagge sabbiose e la natura emozionante in alta montagna!<\/p>\r\n<p>I nostri programmi si stanno concentrando per aumentare la fiducia e la fluidit\u00e0 degli studenti nella lingua inglese attraverso:<\/p>\r\n<p>[\/vc_column_text][vc_row_inner el_class=&#8221;large-icons&#8221;][vc_column_inner width=&#8221;1\/3&#8243;]<div class=\"eq-icon__widget\">\n        <div class=\"eq-icon__title\">USO DELLA LINGUA INGLESE IN SITUAZIONI QUOTIDIANE<\/div>\n        <div class=\"eq-icon__image\" style=\"background-image: url(https:\/\/campamentosinternacionales.es\/wp-content\/uploads\/2022\/09\/cafe.png)\"><\/div>\n    <\/div>[\/vc_column_inner][vc_column_inner width=&#8221;1\/3&#8243;]<div class=\"eq-icon__widget\">\n        <div class=\"eq-icon__title\">LEZIONI BASATE SULL CONVERSAZIONE<\/div>\n        <div class=\"eq-icon__image\" style=\"background-image: url(https:\/\/campamentosinternacionales.es\/wp-content\/uploads\/2022\/09\/conversation.png)\"><\/div>\n    <\/div>[\/vc_column_inner][vc_column_inner width=&#8221;1\/3&#8243;]<div class=\"eq-icon__widget\">\n        <div class=\"eq-icon__title\">PICCOLI GRUPPI PER CLASSE (MAX 15 STUDENTI)<\/div>\n        <div class=\"eq-icon__image\" style=\"background-image: url(https:\/\/campamentosinternacionales.es\/wp-content\/uploads\/2022\/09\/networking.png)\"><\/div>\n    <\/div>[\/vc_column_inner][\/vc_row_inner][\/vc_column][\/vc_row][vc_row el_class=&#8221;large-icons&#8221;][vc_column width=&#8221;1\/2&#8243;]<div class=\"eq-icon__widget\">\n        <div class=\"eq-icon__title\">PRATICA CONTINUA DELLA LINGUA INGLESE FUORI DALLE CLASSI<\/div>\n        <div class=\"eq-icon__image\" style=\"background-image: url(https:\/\/campamentosinternacionales.es\/wp-content\/uploads\/2022\/11\/tour-guide.png)\"><\/div>\n    <\/div>[\/vc_column][vc_column width=&#8221;1\/2&#8243;]<div class=\"eq-icon__widget\">\n        <div class=\"eq-icon__title\">LEZIONI DI PROVA SU MISURA<\/div>\n        <div class=\"eq-icon__image\" style=\"background-image: url(https:\/\/campamentosinternacionales.es\/wp-content\/uploads\/2022\/09\/approval.png)\"><\/div>\n    <\/div>[\/vc_column][\/vc_row]<\/p>","protected":false},"excerpt":{"rendered":"<p>[vc_row][vc_column][vc_column_text] I NOSTRI INSEGNANTI Tutto il nostro corpo docenti: [\/vc_column_text][vc_row_inner el_class=&#8221;large-icons&#8221;][vc_column_inner width=&#8221;1\/4&#8243;][\/vc_column_inner][vc_column_inner width=&#8221;1\/4&#8243;][\/vc_column_inner][vc_column_inner width=&#8221;1\/4&#8243;][\/vc_column_inner][vc_column_inner width=&#8221;1\/4&#8243;][\/vc_column_inner][\/vc_row_inner][vc_column_text] IL NOSTRO TEAM DI ATTIVIT\u00c0 Il nostro staff, coinvolto nelle attivit\u00e0 quotidiane dei bambini, ha organizzato questi programmi con eventi ed attivit\u00e0 all\u2019aperto negli ultimi [&hellip;]<\/p>\n","protected":false},"author":1,"featured_media":0,"parent":0,"menu_order":0,"comment_status":"closed","ping_status":"closed","template":"","meta":{"footnotes":""},"class_list":["post-15","page","type-page","status-publish","hentry"],"_links":{"self":[{"href":"https:\/\/campamentosinternacionales.es\/it\/wp-json\/wp\/v2\/pages\/15","targetHints":{"allow":["GET"]}}],"collection":[{"href":"https:\/\/campamentosinternacionales.es\/it\/wp-json\/wp\/v2\/pages"}],"about":[{"href":"https:\/\/campamentosinternacionales.es\/it\/wp-json\/wp\/v2\/types\/page"}],"author":[{"embeddable":true,"href":"https:\/\/campamentosinternacionales.es\/it\/wp-json\/wp\/v2\/users\/1"}],"replies":[{"embeddable":true,"href":"https:\/\/campamentosinternacionales.es\/it\/wp-json\/wp\/v2\/comments?post=15"}],"version-history":[{"count":25,"href":"https:\/\/campamentosinternacionales.es\/it\/wp-json\/wp\/v2\/pages\/15\/revisions"}],"predecessor-version":[{"id":744,"href":"https:\/\/campamentosinternacionales.es\/it\/wp-json\/wp\/v2\/pages\/15\/revisions\/744"}],"wp:attachment":[{"href":"https:\/\/campamentosinternacionales.es\/it\/wp-json\/wp\/v2\/media?parent=15"}],"curies":[{"name":"wp","href":"https:\/\/api.w.org\/{rel}","templated":true}]}}